{"id":7948,"date":"2025-02-08T11:19:05","date_gmt":"2025-02-08T03:19:05","guid":{"rendered":"https:\/\/enmaxgroup.com\/?post_type=product&#038;p=7948"},"modified":"2026-02-25T04:01:36","modified_gmt":"2026-02-25T04:01:36","slug":"3-2t-16t-telescopic-boom-crane-spare-parts","status":"publish","type":"product","link":"http:\/\/enmaxgroup.com\/es\/product\/3-2t-16t-telescopic-boom-crane-spare-parts","title":{"rendered":"Parte superior de la gr\u00faa: brazo telesc\u00f3pico de 20 m (de 3,2 T a 16 T)"},"content":{"rendered":"<table>\n<tbody>\n<tr>\n<td colspan=\"7\" rowspan=\"1\">\n<div><i><b>LIFTING &amp; SLEWING SYSTEM<\/b><\/i><\/div>\n<\/td>\n<\/tr>\n<tr>\n<td colspan=\"1\"><\/td>\n<td colspan=\"1\"><b>3.2TON<\/b><\/td>\n<td colspan=\"1\"><b>6.3TON<\/b><\/td>\n<td colspan=\"1\"><b>8TON<\/b><\/td>\n<td colspan=\"1\"><b>12TON<\/b><\/td>\n<td colspan=\"1\"><b>14TON<\/b><\/td>\n<td colspan=\"1\"><b>16TON<\/b><\/td>\n<\/tr>\n<tr>\n<td colspan=\"1\" rowspan=\"1\">\n<div>Max. lifting weight<\/div>\n<\/td>\n<td colspan=\"1\" rowspan=\"1\">\n<div>\n<div>3200kg<\/div>\n<\/div>\n<\/td>\n<td colspan=\"1\" rowspan=\"1\">\n<div>\n<div>6300kg<\/div>\n<\/div>\n<\/td>\n<td colspan=\"1\" rowspan=\"1\">\n<div>\n<div>8000kg<\/div>\n<\/div>\n<\/td>\n<td colspan=\"1\" rowspan=\"1\">\n<div>\n<div>12000kg<\/div>\n<\/div>\n<\/td>\n<td colspan=\"1\" rowspan=\"1\">\n<div>\n<div>14000kg<\/div>\n<\/div>\n<\/td>\n<td colspan=\"1\" rowspan=\"1\">\n<div>\n<div>16000kg<\/div>\n<\/div>\n<\/td>\n<\/tr>\n<tr>\n<td colspan=\"1\" rowspan=\"1\">\n<div>Maximum lifting height<\/div>\n<\/td>\n<td colspan=\"1\" rowspan=\"1\">\n<div>\n<div>11.5m<\/div>\n<\/div>\n<\/td>\n<td colspan=\"1\" rowspan=\"1\">\n<div>\n<div>14.6m<\/div>\n<\/div>\n<\/td>\n<td colspan=\"1\" rowspan=\"1\">\n<div>\n<div>20m<\/div>\n<\/div>\n<\/td>\n<td colspan=\"2\" rowspan=\"1\">\n<div>\n<div>21.8m<\/div>\n<\/div>\n<\/td>\n<td colspan=\"1\" rowspan=\"1\">\n<div>\n<div>22.8m<\/div>\n<\/div>\n<\/td>\n<\/tr>\n<tr>\n<td colspan=\"1\" rowspan=\"1\">\n<div>Max. elevation angle<\/div>\n<\/td>\n<td colspan=\"1\" rowspan=\"1\">\n<div>\n<div>0-75\u00b0<\/div>\n<\/div>\n<\/td>\n<td colspan=\"2\" rowspan=\"1\">\n<div>\n<div>0-80\u00b0<\/div>\n<\/div>\n<\/td>\n<td colspan=\"2\" rowspan=\"1\">\n<div>\n<div>0-75\u00b0<\/div>\n<\/div>\n<\/td>\n<td colspan=\"1\" rowspan=\"1\">\n<div>\n<div>0-80\u00b0<\/div>\n<\/div>\n<\/td>\n<\/tr>\n<tr>\n<td colspan=\"1\" rowspan=\"1\">\n<div>Bomm<\/div>\n<\/td>\n<td colspan=\"1\" rowspan=\"1\">\n<div>\n<div>3m*4 sections<\/div>\n<\/div>\n<\/td>\n<td colspan=\"1\" rowspan=\"1\">\n<div>\n<div>3.8m x4 sections(3.98-12.9m)<\/div>\n<\/div>\n<\/td>\n<td colspan=\"1\" rowspan=\"1\">\n<div>\n<div>5m x 5 sections<\/div>\n<\/div>\n<\/td>\n<td colspan=\"2\" rowspan=\"1\">\n<div>\n<div>5mx5 sections (U-shape, 5.6-18.8m)<\/div>\n<\/div>\n<\/td>\n<td colspan=\"1\" rowspan=\"1\">\n<div>\n<div>5.5mx5 sections (U-shape, 5.8m-19.8m)<\/div>\n<\/div>\n<\/td>\n<\/tr>\n<tr>\n<td colspan=\"1\" rowspan=\"1\">\n<div>Boom slewing angle<\/div>\n<\/td>\n<td colspan=\"6\" rowspan=\"1\">\n<div>\n<div>360\u00b0<\/div>\n<\/div>\n<\/td>\n<\/tr>\n<\/tbody>\n<\/table>\n<h2 data-path-to-node=\"2\">Piezas de repuesto de alta calidad para plumas telesc\u00f3picas y gr\u00faas 3.2T-16T: La Gu\u00eda Definitiva<\/h2>\n<p data-path-to-node=\"3\">En el exigente mundo de la construcci\u00f3n y la elevaci\u00f3n de cargas pesadas, la eficacia de sus equipos depende de la calidad de sus componentes. Tanto si busca un <b data-path-to-node=\"3\" data-index-in-node=\"163\">Sustituci\u00f3n del brazo de la pluma<\/b> o actualizar su flota actual, la elecci\u00f3n del <b data-path-to-node=\"3\" data-index-in-node=\"236\">Parte superior de la gr\u00faa<\/b> es crucial para la seguridad y el rendimiento.<\/p>\n<h2 data-path-to-node=\"4\">1. La importancia de una pluma telesc\u00f3pica de alto rendimiento<\/h2>\n<p data-path-to-node=\"5\">A <b data-path-to-node=\"5\" data-index-in-node=\"2\">Pluma telesc\u00f3pica<\/b> es el coraz\u00f3n de cualquier gr\u00faa m\u00f3vil. Proporciona el alcance y la capacidad de elevaci\u00f3n necesarios para realizar tareas complejas. Nuestro brazo superior de gr\u00faa de 20 m est\u00e1 dise\u00f1ado con precisi\u00f3n para garantizar una extensi\u00f3n y retracci\u00f3n suaves con cargas pesadas.<\/p>\n<p data-path-to-node=\"6\">Si busca un <b data-path-to-node=\"6\" data-index-in-node=\"25\">Extensi\u00f3n de pluma de gr\u00faa de 20 m<\/b>, La durabilidad y la resistencia de los materiales deben ser sus principales prioridades. Una pluma bien fabricada reduce el tiempo de inactividad y aumenta la vida \u00fatil de su maquinaria.<\/p>\n<h2 data-path-to-node=\"7\">2. Gama completa: Piezas de repuesto para gr\u00faas de 3,2T a 16T<\/h2>\n<p data-path-to-node=\"8\">Como l\u00edder <b data-path-to-node=\"8\" data-index-in-node=\"13\">Proveedor de pluma telesc\u00f3pica 3.2T-16T<\/b>, Entendemos que proyectos diferentes requieren capacidades diferentes. Ofrecemos una gama completa de <b data-path-to-node=\"8\" data-index-in-node=\"146\">Piezas de repuesto para gr\u00faas<\/b> a medida para diversos tonelajes, incluidos:<\/p>\n<ul data-path-to-node=\"9\">\n<li>\n<p data-path-to-node=\"9,0,0\"><b data-path-to-node=\"9,0,0\" data-index-in-node=\"0\">Peque\u00f1a capacidad:<\/b> 3,2T y 6,3T para la construcci\u00f3n urbana ligera.<\/p>\n<\/li>\n<li>\n<p data-path-to-node=\"9,1,0\"><b data-path-to-node=\"9,1,0\" data-index-in-node=\"0\">Capacidad media:<\/b> 8T y 12T para un trabajo vers\u00e1til en la obra.<\/p>\n<\/li>\n<li>\n<p data-path-to-node=\"9,2,0\"><b data-path-to-node=\"9,2,0\" data-index-in-node=\"0\">Heavy Duty:<\/b> 14T y <b data-path-to-node=\"9,2,0\" data-index-in-node=\"20\">Piezas de repuesto para brazo de gr\u00faa de 16 toneladas<\/b> para la elevaci\u00f3n a escala industrial.<\/p>\n<\/li>\n<\/ul>\n<h2 data-path-to-node=\"10\">3. \u00bfPor qu\u00e9 elegir nuestras piezas para pluma de gr\u00faa hidr\u00e1ulica?<\/h2>\n<p data-path-to-node=\"11\">Nuestra <b data-path-to-node=\"11\" data-index-in-node=\"4\">Piezas de pluma de gr\u00faa hidr\u00e1ulica<\/b> est\u00e1n dise\u00f1ados utilizando acero de alta resistencia y t\u00e9cnicas avanzadas de soldadura. Esto garantiza:<\/p>\n<ul data-path-to-node=\"12\">\n<li>\n<p data-path-to-node=\"12,0,0\"><b data-path-to-node=\"12,0,0\" data-index-in-node=\"0\">Elevada relaci\u00f3n carga-peso:<\/b> M\u00e1xima potencia de elevaci\u00f3n sin volumen innecesario.<\/p>\n<\/li>\n<li>\n<p data-path-to-node=\"12,1,0\"><b data-path-to-node=\"12,1,0\" data-index-in-node=\"0\">Ingenier\u00eda de precisi\u00f3n:<\/b> Perfecta integraci\u00f3n con su actual <b data-path-to-node=\"12,1,0\" data-index-in-node=\"63\">Parte superior de la gr\u00faa<\/b>.<\/p>\n<\/li>\n<li>\n<p data-path-to-node=\"12,2,0\"><b data-path-to-node=\"12,2,0\" data-index-in-node=\"0\">Cumplimiento de las normas de seguridad:<\/b> Todos los componentes cumplen las normas internacionales de elevaci\u00f3n para garantizar la seguridad en las obras.<\/p>\n<\/li>\n<\/ul>\n<h2 data-path-to-node=\"13\">4. \u00bfCu\u00e1ndo considerar la sustituci\u00f3n del brazo de la pluma?<\/h2>\n<p data-path-to-node=\"14\">El mantenimiento regular es esencial, pero llega un momento en que un <b data-path-to-node=\"14\" data-index-in-node=\"64\">Sustituci\u00f3n del brazo de la pluma<\/b> es la opci\u00f3n m\u00e1s rentable y segura. Los signos de que necesita una nueva parte superior incluyen:<\/p>\n<ol start=\"1\" data-path-to-node=\"15\">\n<li>\n<p data-path-to-node=\"15,0,0\">Fatiga estructural visible o grietas en el acero.<\/p>\n<\/li>\n<li>\n<p data-path-to-node=\"15,1,0\">Presi\u00f3n hidr\u00e1ulica inconsistente durante la extensi\u00f3n.<\/p>\n<\/li>\n<li>\n<p data-path-to-node=\"15,2,0\">Desgaste que supera las tolerancias de seguridad.<\/p>\n<\/li>\n<\/ol>\n<p data-path-to-node=\"16\">Sustituci\u00f3n de toda la parte superior por una aut\u00e9ntica <b data-path-to-node=\"16\" data-index-in-node=\"50\">Extensi\u00f3n de pluma de gr\u00faa de 20 m<\/b> puede dar nueva vida a una gr\u00faa antigua, proporcionando el rendimiento de una m\u00e1quina nueva por una fracci\u00f3n del coste.<\/p>\n<h2 data-path-to-node=\"17\">Conclusi\u00f3n: As\u00f3ciese con un proveedor de confianza<\/h2>\n<p data-path-to-node=\"18\">Seleccionar el <b data-path-to-node=\"18\" data-index-in-node=\"20\">Proveedor de pluma telesc\u00f3pica 3.2T-16T<\/b> es algo m\u00e1s que comprar una pieza; es garantizar el \u00e9xito a largo plazo de sus proyectos. Nuestro compromiso con la calidad garantiza que cada <b data-path-to-node=\"18\" data-index-in-node=\"198\">Pluma telesc\u00f3pica<\/b> que ofrecemos est\u00e1 preparada para los retos m\u00e1s dif\u00edciles.<\/p>","protected":false},"excerpt":{"rendered":"<p>Configuraci\u00f3n opcional: aire acondicionado superior, aire acondicionado inferior, dispositivo de pesaje, limitador de par, c\u00e1mara inal\u00e1mbrica, colgado<br \/>\ncesta, asiento con colch\u00f3n de aire<\/p>\n<p>Caracter\u00edsticas del producto: Equipado con un rotador central, el plato giratorio puede girar 360 grados a voluntad. Equipado con un planetario<br \/>\nmecanismo de reducci\u00f3n, la rotaci\u00f3n es m\u00e1s r\u00e1pida y suave. Equipado con un sistema hidr\u00e1ulico de disipaci\u00f3n de calor para reducir el aceite.<br \/>\ny mejorar la eficiencia; La conducci\u00f3n est\u00e1 equipada con alta y baja velocidad, asistencia al volante y freno neum\u00e1tico,<br \/>\nfacilitando y flexibilizando la conducci\u00f3n del veh\u00edculo.<\/p>","protected":false},"featured_media":7951,"comment_status":"closed","ping_status":"closed","template":"","meta":{"_uag_custom_page_level_css":"","site-sidebar-layout":"default","site-content-layout":"","ast-site-content-layout":"default","site-content-style":"default","site-sidebar-style":"default","ast-global-header-display":"","ast-banner-title-visibility":"","ast-main-header-display":"","ast-hfb-above-header-display":"","ast-hfb-below-header-display":"","ast-hfb-mobile-header-display":"","site-post-title":"","ast-breadcrumbs-content":"","ast-featured-img":"","footer-sml-layout":"","theme-transparent-header-meta":"default","adv-header-id-meta":"","stick-header-meta":"default","header-above-stick-meta":"","header-main-stick-meta":"","header-below-stick-meta":"","astra-migrate-meta-layouts":"set","ast-page-background-enabled":"default","ast-page-background-meta":{"desktop":{"background-color":"var(--ast-global-color-4)","background-image":"","background-repeat":"repeat","background-position":"center center","background-size":"auto","background-attachment":"scroll","background-type":"","background-media":"","overlay-type":"","overlay-color":"","overlay-opacity":"","overlay-gradient":""},"tablet":{"background-color":"","background-image":"","background-repeat":"repeat","background-position":"center center","background-size":"auto","background-attachment":"scroll","background-type":"","background-media":"","overlay-type":"","overlay-color":"","overlay-opacity":"","overlay-gradient":""},"mobile":{"background-color":"","background-image":"","background-repeat":"repeat","background-position":"center center","background-size":"auto","background-attachment":"scroll","background-type":"","background-media":"","overlay-type":"","overlay-color":"","overlay-opacity":"","overlay-gradient":""}},"ast-content-background-meta":{"desktop":{"background-color":"var(--ast-global-color-5)","background-image":"","background-repeat":"repeat","background-position":"center center","background-size":"auto","background-attachment":"scroll","background-type":"","background-media":"","overlay-type":"","overlay-color":"","overlay-opacity":"","overlay-gradient":""},"tablet":{"background-color":"var(--ast-global-color-5)","background-image":"","background-repeat":"repeat","background-position":"center center","background-size":"auto","background-attachment":"scroll","background-type":"","background-media":"","overlay-type":"","overlay-color":"","overlay-opacity":"","overlay-gradient":""},"mobile":{"background-color":"var(--ast-global-color-5)","background-image":"","background-repeat":"repeat","background-position":"center center","background-size":"auto","background-attachment":"scroll","background-type":"","background-media":"","overlay-type":"","overlay-color":"","overlay-opacity":"","overlay-gradient":""}}},"product_brand":[],"product_cat":[141],"product_tag":[],"class_list":{"0":"post-7948","1":"product","2":"type-product","3":"status-publish","4":"has-post-thumbnail","6":"product_cat-crane-upper-part","7":"desktop-align-left","8":"tablet-align-left","9":"mobile-align-left","10":"ast-product-gallery-layout-horizontal-slider","11":"ast-product-tabs-layout-horizontal","13":"first","14":"instock","15":"shipping-taxable","16":"product-type-simple"},"uagb_featured_image_src":{"full":["http:\/\/enmaxgroup.com\/wp-content\/uploads\/2025\/02\/12\u5428\u4e1c\u98ceF5\u968f\u8f66\u540a.webp",1000,1000,false],"thumbnail":["http:\/\/enmaxgroup.com\/wp-content\/uploads\/2025\/02\/12\u5428\u4e1c\u98ceF5\u968f\u8f66\u540a-150x150.webp",150,150,true],"medium":["http:\/\/enmaxgroup.com\/wp-content\/uploads\/2025\/02\/12\u5428\u4e1c\u98ceF5\u968f\u8f66\u540a-300x300.webp",300,300,true],"medium_large":["http:\/\/enmaxgroup.com\/wp-content\/uploads\/2025\/02\/12\u5428\u4e1c\u98ceF5\u968f\u8f66\u540a-768x768.webp",768,768,true],"large":["http:\/\/enmaxgroup.com\/wp-content\/uploads\/2025\/02\/12\u5428\u4e1c\u98ceF5\u968f\u8f66\u540a.webp",1000,1000,false],"1536x1536":["http:\/\/enmaxgroup.com\/wp-content\/uploads\/2025\/02\/12\u5428\u4e1c\u98ceF5\u968f\u8f66\u540a.webp",1000,1000,false],"2048x2048":["http:\/\/enmaxgroup.com\/wp-content\/uploads\/2025\/02\/12\u5428\u4e1c\u98ceF5\u968f\u8f66\u540a.webp",1000,1000,false],"trp-custom-language-flag":["http:\/\/enmaxgroup.com\/wp-content\/uploads\/2025\/02\/12\u5428\u4e1c\u98ceF5\u968f\u8f66\u540a.webp",12,12,false],"woocommerce_thumbnail":["http:\/\/enmaxgroup.com\/wp-content\/uploads\/2025\/02\/12\u5428\u4e1c\u98ceF5\u968f\u8f66\u540a-300x300.webp",300,300,true],"woocommerce_single":["http:\/\/enmaxgroup.com\/wp-content\/uploads\/2025\/02\/12\u5428\u4e1c\u98ceF5\u968f\u8f66\u540a-600x600.webp",600,600,true],"woocommerce_gallery_thumbnail":["http:\/\/enmaxgroup.com\/wp-content\/uploads\/2025\/02\/12\u5428\u4e1c\u98ceF5\u968f\u8f66\u540a-100x100.webp",100,100,true]},"uagb_author_info":{"display_name":"Ada Zhang","author_link":"http:\/\/enmaxgroup.com\/es\/author"},"uagb_comment_info":0,"uagb_excerpt":"Optional configuration: upper air conditioning, lower air conditioning, weighing device, torque limiter, wireless camera, hanging basket, air cushion seat Product features: Equipped with a central rotator, the turntable can rotate 360 degrees at will. Equipped with a planetary reduction mechanism, the rotation is faster and smoother. Equipped with a hydraulic heat dissipation system to reduce&hellip;","_links":{"self":[{"href":"http:\/\/enmaxgroup.com\/es\/wp-json\/wp\/v2\/product\/7948","targetHints":{"allow":["GET"]}}],"collection":[{"href":"http:\/\/enmaxgroup.com\/es\/wp-json\/wp\/v2\/product"}],"about":[{"href":"http:\/\/enmaxgroup.com\/es\/wp-json\/wp\/v2\/types\/product"}],"replies":[{"embeddable":true,"href":"http:\/\/enmaxgroup.com\/es\/wp-json\/wp\/v2\/comments?post=7948"}],"wp:featuredmedia":[{"embeddable":true,"href":"http:\/\/enmaxgroup.com\/es\/wp-json\/wp\/v2\/media\/7951"}],"wp:attachment":[{"href":"http:\/\/enmaxgroup.com\/es\/wp-json\/wp\/v2\/media?parent=7948"}],"wp:term":[{"taxonomy":"product_brand","embeddable":true,"href":"http:\/\/enmaxgroup.com\/es\/wp-json\/wp\/v2\/product_brand?post=7948"},{"taxonomy":"product_cat","embeddable":true,"href":"http:\/\/enmaxgroup.com\/es\/wp-json\/wp\/v2\/product_cat?post=7948"},{"taxonomy":"product_tag","embeddable":true,"href":"http:\/\/enmaxgroup.com\/es\/wp-json\/wp\/v2\/product_tag?post=7948"}],"curies":[{"name":"wp","href":"https:\/\/api.w.org\/{rel}","templated":true}]}}