{"id":7976,"date":"2025-02-08T11:38:41","date_gmt":"2025-02-08T03:38:41","guid":{"rendered":"https:\/\/enmaxgroup.com\/?post_type=product&#038;p=7976"},"modified":"2026-01-30T07:48:38","modified_gmt":"2026-01-30T07:48:38","slug":"45m-hydraulic-aerial-work-vehicle","status":"publish","type":"product","link":"http:\/\/enmaxgroup.com\/es\/product\/45m-hydraulic-aerial-work-vehicle","title":{"rendered":"Veh\u00edculo de trabajo a\u00e9reo hidr\u00e1ulico 45M"},"content":{"rendered":"<table>\n<tbody>\n<tr>\n<td colspan=\"2\">EMGK45 Aerial Work Vehicle<\/td>\n<\/tr>\n<tr>\n<td>Total mass<\/td>\n<td>11995KG<\/td>\n<\/tr>\n<tr>\n<td>Wheel base<\/td>\n<td>3765mm<\/td>\n<\/tr>\n<tr>\n<td>Outline dimension<\/td>\n<td>8220mm*2450mm*3250mm<\/td>\n<\/tr>\n<tr>\n<td>Cyre<\/td>\n<td>245\/70R19.5 16PR Steel wire tire<\/td>\n<\/tr>\n<tr>\n<td>Brake<\/td>\n<td>Pneumatic brake<\/td>\n<\/tr>\n<tr>\n<td>Other<\/td>\n<td>air conditioner\/Electric doors and Windows\/Central control lock<\/td>\n<\/tr>\n<tr>\n<td>Maximum operation height<\/td>\n<td>45m<\/td>\n<\/tr>\n<tr>\n<td>Maximum range of work<\/td>\n<td>25m<\/td>\n<\/tr>\n<tr>\n<td>Rated load of platform<\/td>\n<td>300kg<\/td>\n<\/tr>\n<tr>\n<td>Arm frame rotation Angle<\/td>\n<td>360\u00b0<\/td>\n<\/tr>\n<tr>\n<td>Platform size<\/td>\n<td>3200mm*1000mm*1100mm<\/td>\n<\/tr>\n<tr>\n<td>Platform rotation range<\/td>\n<td>360\u00b0<\/td>\n<\/tr>\n<tr>\n<td rowspan=\"2\">Big arm<\/td>\n<td>9-section boom<\/td>\n<\/tr>\n<tr>\n<td>Baosteel 960<\/td>\n<\/tr>\n<tr>\n<td rowspan=\"2\">Operating system<\/td>\n<td>Well-known electronic control system<\/td>\n<\/tr>\n<tr>\n<td>Wireless remote control\/Tripartite operation<\/td>\n<\/tr>\n<tr>\n<td rowspan=\"2\">Hydraulic pressure system<\/td>\n<td>Stepless speed regulating electro-hydraulic proportional valve<\/td>\n<\/tr>\n<tr>\n<td>Equipped with emergency power source<\/td>\n<\/tr>\n<tr>\n<td>Hydraulic leg<\/td>\n<td>4 legs, H-shaped, individually adjustable<\/td>\n<\/tr>\n<tr>\n<td>Walkway board<\/td>\n<td>Steel anti slip walkway board<\/td>\n<\/tr>\n<tr>\n<td>Safety Device<\/td>\n<td>Interlocking of boarding and alighting, emergency power source,<br \/>\nbidirectional hydraulic balance valve, soft leg protection<\/td>\n<\/tr>\n<\/tbody>\n<\/table>\n<p><img fetchpriority=\"high\" decoding=\"async\" class=\"alignnone wp-image-7972 size-full\" src=\"http:\/\/enmaxgroup.com\/wp-content\/uploads\/2025\/02\/\u9ad8\u7a7a\u4f5c\u4e1a\u8f6645\u7c73-2-scaled.webp\" alt=\"\" width=\"1748\" height=\"2560\" srcset=\"http:\/\/enmaxgroup.com\/wp-content\/uploads\/2025\/02\/\u9ad8\u7a7a\u4f5c\u4e1a\u8f6645\u7c73-2-scaled.webp 1748w, http:\/\/enmaxgroup.com\/wp-content\/uploads\/2025\/02\/\u9ad8\u7a7a\u4f5c\u4e1a\u8f6645\u7c73-2-205x300.webp 205w, http:\/\/enmaxgroup.com\/wp-content\/uploads\/2025\/02\/\u9ad8\u7a7a\u4f5c\u4e1a\u8f6645\u7c73-2-699x1024.webp 699w, http:\/\/enmaxgroup.com\/wp-content\/uploads\/2025\/02\/\u9ad8\u7a7a\u4f5c\u4e1a\u8f6645\u7c73-2-768x1124.webp 768w, http:\/\/enmaxgroup.com\/wp-content\/uploads\/2025\/02\/\u9ad8\u7a7a\u4f5c\u4e1a\u8f6645\u7c73-2-1049x1536.webp 1049w, http:\/\/enmaxgroup.com\/wp-content\/uploads\/2025\/02\/\u9ad8\u7a7a\u4f5c\u4e1a\u8f6645\u7c73-2-1399x2048.webp 1399w, http:\/\/enmaxgroup.com\/wp-content\/uploads\/2025\/02\/\u9ad8\u7a7a\u4f5c\u4e1a\u8f6645\u7c73-2-600x879.webp 600w\" sizes=\"(max-width: 1748px) 100vw, 1748px\" \/><\/p>\n<p><img decoding=\"async\" class=\"alignnone wp-image-7973\" src=\"http:\/\/enmaxgroup.com\/wp-content\/uploads\/2025\/02\/\u9ad8\u7a7a\u4f5c\u4e1a\u8f6645\u7c73-3.webp\" alt=\"\" width=\"635\" height=\"507\" srcset=\"http:\/\/enmaxgroup.com\/wp-content\/uploads\/2025\/02\/\u9ad8\u7a7a\u4f5c\u4e1a\u8f6645\u7c73-3.webp 991w, http:\/\/enmaxgroup.com\/wp-content\/uploads\/2025\/02\/\u9ad8\u7a7a\u4f5c\u4e1a\u8f6645\u7c73-3-300x239.webp 300w, http:\/\/enmaxgroup.com\/wp-content\/uploads\/2025\/02\/\u9ad8\u7a7a\u4f5c\u4e1a\u8f6645\u7c73-3-768x613.webp 768w, http:\/\/enmaxgroup.com\/wp-content\/uploads\/2025\/02\/\u9ad8\u7a7a\u4f5c\u4e1a\u8f6645\u7c73-3-20x16.webp 20w, http:\/\/enmaxgroup.com\/wp-content\/uploads\/2025\/02\/\u9ad8\u7a7a\u4f5c\u4e1a\u8f6645\u7c73-3-600x479.webp 600w\" sizes=\"(max-width: 635px) 100vw, 635px\" \/> <img decoding=\"async\" class=\"wp-image-7939  alignright\" src=\"http:\/\/enmaxgroup.com\/wp-content\/uploads\/2025\/02\/\u9ad8\u7a7a\u4f5c\u4e1a\u8f6645\u7c73-1.webp\" alt=\"\" width=\"670\" height=\"1010\" srcset=\"http:\/\/enmaxgroup.com\/wp-content\/uploads\/2025\/02\/\u9ad8\u7a7a\u4f5c\u4e1a\u8f6645\u7c73-1.webp 1445w, http:\/\/enmaxgroup.com\/wp-content\/uploads\/2025\/02\/\u9ad8\u7a7a\u4f5c\u4e1a\u8f6645\u7c73-1-199x300.webp 199w, http:\/\/enmaxgroup.com\/wp-content\/uploads\/2025\/02\/\u9ad8\u7a7a\u4f5c\u4e1a\u8f6645\u7c73-1-679x1024.webp 679w, http:\/\/enmaxgroup.com\/wp-content\/uploads\/2025\/02\/\u9ad8\u7a7a\u4f5c\u4e1a\u8f6645\u7c73-1-768x1158.webp 768w, http:\/\/enmaxgroup.com\/wp-content\/uploads\/2025\/02\/\u9ad8\u7a7a\u4f5c\u4e1a\u8f6645\u7c73-1-1019x1536.webp 1019w, http:\/\/enmaxgroup.com\/wp-content\/uploads\/2025\/02\/\u9ad8\u7a7a\u4f5c\u4e1a\u8f6645\u7c73-1-1358x2048.webp 1358w, http:\/\/enmaxgroup.com\/wp-content\/uploads\/2025\/02\/\u9ad8\u7a7a\u4f5c\u4e1a\u8f6645\u7c73-1-13x20.webp 13w, http:\/\/enmaxgroup.com\/wp-content\/uploads\/2025\/02\/\u9ad8\u7a7a\u4f5c\u4e1a\u8f6645\u7c73-1-600x905.webp 600w\" sizes=\"(max-width: 670px) 100vw, 670px\" \/><\/p>","protected":false},"excerpt":{"rendered":"<p>Configuraci\u00f3n opcional: aire acondicionado superior, aire acondicionado inferior, dispositivo de pesaje, limitador de par, c\u00e1mara inal\u00e1mbrica, colgado<br \/>\ncesta, asiento con colch\u00f3n de aire<\/p>\n<p>Caracter\u00edsticas del producto: Equipado con un rotador central, el plato giratorio puede girar 360 grados a voluntad. Equipado con un planetario<br \/>\nmecanismo de reducci\u00f3n, la rotaci\u00f3n es m\u00e1s r\u00e1pida y suave. Equipado con un sistema hidr\u00e1ulico de disipaci\u00f3n de calor para reducir el aceite.<br \/>\ny mejorar la eficiencia; La conducci\u00f3n est\u00e1 equipada con alta y baja velocidad, asistencia al volante y freno neum\u00e1tico,<br \/>\nfacilitando y flexibilizando la conducci\u00f3n del veh\u00edculo.<\/p>","protected":false},"featured_media":7965,"comment_status":"closed","ping_status":"closed","template":"","meta":{"_uag_custom_page_level_css":"","site-sidebar-layout":"default","site-content-layout":"","ast-site-content-layout":"default","site-content-style":"default","site-sidebar-style":"default","ast-global-header-display":"","ast-banner-title-visibility":"","ast-main-header-display":"","ast-hfb-above-header-display":"","ast-hfb-below-header-display":"","ast-hfb-mobile-header-display":"","site-post-title":"","ast-breadcrumbs-content":"","ast-featured-img":"","footer-sml-layout":"","theme-transparent-header-meta":"default","adv-header-id-meta":"","stick-header-meta":"","header-above-stick-meta":"","header-main-stick-meta":"","header-below-stick-meta":"","astra-migrate-meta-layouts":"set","ast-page-background-enabled":"default","ast-page-background-meta":{"desktop":{"background-color":"var(--ast-global-color-4)","background-image":"","background-repeat":"repeat","background-position":"center center","background-size":"auto","background-attachment":"scroll","background-type":"","background-media":"","overlay-type":"","overlay-color":"","overlay-opacity":"","overlay-gradient":""},"tablet":{"background-color":"","background-image":"","background-repeat":"repeat","background-position":"center center","background-size":"auto","background-attachment":"scroll","background-type":"","background-media":"","overlay-type":"","overlay-color":"","overlay-opacity":"","overlay-gradient":""},"mobile":{"background-color":"","background-image":"","background-repeat":"repeat","background-position":"center center","background-size":"auto","background-attachment":"scroll","background-type":"","background-media":"","overlay-type":"","overlay-color":"","overlay-opacity":"","overlay-gradient":""}},"ast-content-background-meta":{"desktop":{"background-color":"var(--ast-global-color-5)","background-image":"","background-repeat":"repeat","background-position":"center center","background-size":"auto","background-attachment":"scroll","background-type":"","background-media":"","overlay-type":"","overlay-color":"","overlay-opacity":"","overlay-gradient":""},"tablet":{"background-color":"var(--ast-global-color-5)","background-image":"","background-repeat":"repeat","background-position":"center center","background-size":"auto","background-attachment":"scroll","background-type":"","background-media":"","overlay-type":"","overlay-color":"","overlay-opacity":"","overlay-gradient":""},"mobile":{"background-color":"var(--ast-global-color-5)","background-image":"","background-repeat":"repeat","background-position":"center center","background-size":"auto","background-attachment":"scroll","background-type":"","background-media":"","overlay-type":"","overlay-color":"","overlay-opacity":"","overlay-gradient":""}}},"product_brand":[],"product_cat":[136],"product_tag":[],"class_list":{"0":"post-7976","1":"product","2":"type-product","3":"status-publish","4":"has-post-thumbnail","6":"product_cat-aerial-work-vehicle","7":"desktop-align-left","8":"tablet-align-left","9":"mobile-align-left","10":"ast-product-gallery-layout-horizontal-slider","11":"ast-product-gallery-with-no-image","12":"ast-product-tabs-layout-horizontal","14":"first","15":"instock","16":"shipping-taxable","17":"product-type-simple"},"uagb_featured_image_src":{"full":["http:\/\/enmaxgroup.com\/wp-content\/uploads\/2025\/02\/45m.webp",1000,1000,false],"thumbnail":["http:\/\/enmaxgroup.com\/wp-content\/uploads\/2025\/02\/45m-150x150.webp",150,150,true],"medium":["http:\/\/enmaxgroup.com\/wp-content\/uploads\/2025\/02\/45m-300x300.webp",300,300,true],"medium_large":["http:\/\/enmaxgroup.com\/wp-content\/uploads\/2025\/02\/45m-768x768.webp",768,768,true],"large":["http:\/\/enmaxgroup.com\/wp-content\/uploads\/2025\/02\/45m.webp",1000,1000,false],"1536x1536":["http:\/\/enmaxgroup.com\/wp-content\/uploads\/2025\/02\/45m.webp",1000,1000,false],"2048x2048":["http:\/\/enmaxgroup.com\/wp-content\/uploads\/2025\/02\/45m.webp",1000,1000,false],"trp-custom-language-flag":["http:\/\/enmaxgroup.com\/wp-content\/uploads\/2025\/02\/45m.webp",12,12,false],"woocommerce_thumbnail":["http:\/\/enmaxgroup.com\/wp-content\/uploads\/2025\/02\/45m-300x300.webp",300,300,true],"woocommerce_single":["http:\/\/enmaxgroup.com\/wp-content\/uploads\/2025\/02\/45m-600x600.webp",600,600,true],"woocommerce_gallery_thumbnail":["http:\/\/enmaxgroup.com\/wp-content\/uploads\/2025\/02\/45m-100x100.webp",100,100,true]},"uagb_author_info":{"display_name":"Ada Zhang","author_link":"http:\/\/enmaxgroup.com\/es\/author"},"uagb_comment_info":0,"uagb_excerpt":"Optional configuration: upper air conditioning, lower air conditioning, weighing device, torque limiter, wireless camera, hanging basket, air cushion seat Product features: Equipped with a central rotator, the turntable can rotate 360 degrees at will. Equipped with a planetary reduction mechanism, the rotation is faster and smoother. Equipped with a hydraulic heat dissipation system to reduce&hellip;","_links":{"self":[{"href":"http:\/\/enmaxgroup.com\/es\/wp-json\/wp\/v2\/product\/7976","targetHints":{"allow":["GET"]}}],"collection":[{"href":"http:\/\/enmaxgroup.com\/es\/wp-json\/wp\/v2\/product"}],"about":[{"href":"http:\/\/enmaxgroup.com\/es\/wp-json\/wp\/v2\/types\/product"}],"replies":[{"embeddable":true,"href":"http:\/\/enmaxgroup.com\/es\/wp-json\/wp\/v2\/comments?post=7976"}],"wp:featuredmedia":[{"embeddable":true,"href":"http:\/\/enmaxgroup.com\/es\/wp-json\/wp\/v2\/media\/7965"}],"wp:attachment":[{"href":"http:\/\/enmaxgroup.com\/es\/wp-json\/wp\/v2\/media?parent=7976"}],"wp:term":[{"taxonomy":"product_brand","embeddable":true,"href":"http:\/\/enmaxgroup.com\/es\/wp-json\/wp\/v2\/product_brand?post=7976"},{"taxonomy":"product_cat","embeddable":true,"href":"http:\/\/enmaxgroup.com\/es\/wp-json\/wp\/v2\/product_cat?post=7976"},{"taxonomy":"product_tag","embeddable":true,"href":"http:\/\/enmaxgroup.com\/es\/wp-json\/wp\/v2\/product_tag?post=7976"}],"curies":[{"name":"wp","href":"https:\/\/api.w.org\/{rel}","templated":true}]}}