{"id":170,"date":"2018-06-19T13:45:22","date_gmt":"2018-06-19T13:45:22","guid":{"rendered":"http:\/\/demo5.hyhdemo.top\/index.php\/product\/natural-extracted-olive-oil\/"},"modified":"2026-02-03T01:48:21","modified_gmt":"2026-02-03T01:48:21","slug":"30m-aerial-work-vehicle","status":"publish","type":"product","link":"http:\/\/enmaxgroup.com\/es\/product\/30m-aerial-work-vehicle","title":{"rendered":"30m Aerial Work Vehicle"},"content":{"rendered":"<table class=\"all magic-4\" style=\"height: 1051px;\" width=\"100%\">\n<tbody>\n<tr>\n<td colspan=\"4\" rowspan=\"1\">\n<div class=\"magic-5\" data-spm-anchor-id=\"a2700.details.0.i58.45695117YL0V76\">Jiaqing Heavy Industry&#8217;s self-made 6T configuration table<\/div>\n<\/td>\n<\/tr>\n<tr>\n<td colspan=\"1\" rowspan=\"1\">\n<div class=\"magic-10\">Brand<\/div>\n<\/td>\n<td colspan=\"1\" rowspan=\"1\">\n<div class=\"magic-7\">JQDC<\/div>\n<\/td>\n<td colspan=\"1\" rowspan=\"1\">\n<div class=\"magic-8\">Rotary mechanism<\/div>\n<\/td>\n<td colspan=\"1\" rowspan=\"1\">\n<div class=\"magic-11\">Secondary planetary<br \/>\nsteering<\/div>\n<\/td>\n<\/tr>\n<tr>\n<td colspan=\"1\" rowspan=\"1\">\n<div class=\"magic-10\">Chassis Model<\/div>\n<\/td>\n<td colspan=\"1\" rowspan=\"1\">\n<div class=\"magic-7\">Made by the manufacturer<\/div>\n<\/td>\n<td colspan=\"1\" rowspan=\"1\">\n<div class=\"magic-8\">Outrigger<\/div>\n<\/td>\n<td colspan=\"1\" rowspan=\"1\">\n<div class=\"magic-11\">5 fully hydraulic<br \/>\noutriggers<\/div>\n<\/td>\n<\/tr>\n<tr>\n<td colspan=\"1\" rowspan=\"1\">\n<div class=\"magic-10\">total mass<\/div>\n<\/td>\n<td colspan=\"1\" rowspan=\"1\">\n<div class=\"magic-7\">7100KG<\/div>\n<\/td>\n<td colspan=\"1\" rowspan=\"1\">\n<div class=\"magic-8\">Outrigger span (transverse)<\/div>\n<\/td>\n<td colspan=\"1\" rowspan=\"1\">\n<div class=\"magic-11\">4950mm<\/div>\n<\/td>\n<\/tr>\n<tr>\n<td colspan=\"1\" rowspan=\"1\">\n<div class=\"magic-10\">Full crane size<\/div>\n<\/td>\n<td colspan=\"1\" rowspan=\"1\">\n<div class=\"magic-7\">6100*1950*2600mm<\/div>\n<\/td>\n<td colspan=\"1\" rowspan=\"1\">\n<div class=\"magic-8\">Outrigger span (longitudinal)<\/div>\n<\/td>\n<td colspan=\"1\" rowspan=\"1\">\n<div class=\"magic-11\">3800mm<\/div>\n<\/td>\n<\/tr>\n<tr>\n<td colspan=\"1\" rowspan=\"1\">\n<div class=\"magic-10\">wheelbase<\/div>\n<\/td>\n<td colspan=\"1\" rowspan=\"1\">\n<div class=\"magic-7\">2100mm<\/div>\n<\/td>\n<td colspan=\"1\" rowspan=\"1\">\n<div class=\"magic-8\">Protective devices<\/div>\n<\/td>\n<td colspan=\"1\" rowspan=\"1\">\n<div class=\"magic-11\">two-way hydraulic lock<\/div>\n<\/td>\n<\/tr>\n<tr>\n<td colspan=\"1\" rowspan=\"1\">\n<div class=\"magic-10\">Maximum rated lifting<br \/>\ncapacity<\/div>\n<\/td>\n<td colspan=\"1\" rowspan=\"1\">\n<div class=\"magic-7\">6000kg<\/div>\n<\/td>\n<td colspan=\"1\" rowspan=\"1\">\n<div class=\"magic-8\">Work lights<\/div>\n<\/td>\n<td colspan=\"1\" rowspan=\"1\">\n<div class=\"magic-11\">two<\/div>\n<\/td>\n<\/tr>\n<tr>\n<td colspan=\"1\" rowspan=\"1\">\n<div class=\"magic-10\">maximum lifting height<\/div>\n<\/td>\n<td colspan=\"1\" rowspan=\"1\">\n<div class=\"magic-7\">21m<\/div>\n<\/td>\n<td colspan=\"1\" rowspan=\"1\">\n<div class=\"magic-8\">hydraulic pump<\/div>\n<\/td>\n<td colspan=\"1\" rowspan=\"1\">\n<div class=\"magic-11\">single pump<\/div>\n<\/td>\n<\/tr>\n<tr>\n<td colspan=\"1\" rowspan=\"1\">\n<div class=\"magic-10\">engine model<\/div>\n<\/td>\n<td colspan=\"1\" rowspan=\"1\">\n<div class=\"magic-7\">4102motor<\/div>\n<\/td>\n<td colspan=\"1\" rowspan=\"1\">\n<div class=\"magic-8\">Dual use of oil and electricity<\/div>\n<\/td>\n<td colspan=\"1\" rowspan=\"1\">\n<div class=\"magic-11\">11KW-6 pole copper core motor<\/div>\n<\/td>\n<\/tr>\n<tr>\n<td colspan=\"1\" rowspan=\"1\">\n<div class=\"magic-10\">power<\/div>\n<\/td>\n<td colspan=\"1\" rowspan=\"1\">\n<div class=\"magic-7\">64KW<\/div>\n<\/td>\n<td colspan=\"1\" rowspan=\"1\">\n<div class=\"magic-8\">Rotation radius<\/div>\n<\/td>\n<td colspan=\"1\" rowspan=\"1\">\n<div class=\"magic-11\">1.7m<\/div>\n<\/td>\n<\/tr>\n<tr>\n<td colspan=\"1\" rowspan=\"1\">\n<div class=\"magic-10\">horsepower<\/div>\n<\/td>\n<td colspan=\"1\" rowspan=\"1\">\n<div class=\"magic-7\">90 horsepower<\/div>\n<\/td>\n<td colspan=\"1\" rowspan=\"1\">\n<div class=\"magic-8\">Frame size<\/div>\n<\/td>\n<td colspan=\"1\" rowspan=\"1\">\n<div class=\"magic-11\">300mm*150mm<\/div>\n<\/td>\n<\/tr>\n<tr>\n<td colspan=\"1\" rowspan=\"1\">\n<div class=\"magic-10\">gearbox model<\/div>\n<\/td>\n<td colspan=\"1\" rowspan=\"1\">\n<div class=\"magic-7\">Wanliyang gearbox (high<br \/>\nand low speed)<\/div>\n<\/td>\n<td colspan=\"1\" rowspan=\"1\">\n<div class=\"magic-8\">top of posterior displacement<\/div>\n<\/td>\n<td colspan=\"1\" rowspan=\"1\">\n<div class=\"magic-11\">standard configuration<\/div>\n<\/td>\n<\/tr>\n<tr>\n<td colspan=\"1\" rowspan=\"1\">\n<div class=\"magic-10\">tire<\/div>\n<\/td>\n<td colspan=\"1\" rowspan=\"1\">\n<div class=\"magic-7\">750-16<\/div>\n<\/td>\n<td colspan=\"1\" rowspan=\"1\">\n<div class=\"magic-8\">Lifting operation mode<\/div>\n<\/td>\n<td colspan=\"1\" rowspan=\"1\">\n<div class=\"magic-11\">Pushrod operation<\/div>\n<\/td>\n<\/tr>\n<tr>\n<td colspan=\"1\" rowspan=\"1\">\n<div class=\"magic-10\">brake system<\/div>\n<\/td>\n<td colspan=\"1\" rowspan=\"1\">\n<div class=\"magic-7\">Air brake\uff08ABS\uff09<\/div>\n<\/td>\n<td colspan=\"1\" rowspan=\"1\">\n<div class=\"magic-8\">Rod output form<\/div>\n<\/td>\n<td colspan=\"1\" rowspan=\"1\">\n<div class=\"magic-11\">Synchronous scaling<\/div>\n<\/td>\n<\/tr>\n<tr>\n<td colspan=\"1\" rowspan=\"1\">\n<div class=\"magic-10\">Steering mechanism<\/div>\n<\/td>\n<td colspan=\"1\" rowspan=\"1\">\n<div class=\"magic-7\">Hydraulic directional<br \/>\nassistance<\/div>\n<\/td>\n<td colspan=\"1\" rowspan=\"1\">\n<div class=\"magic-8\">Type of boom structure<\/div>\n<\/td>\n<td colspan=\"1\" rowspan=\"1\">\n<div class=\"magic-11\">4m * 7 section arm<\/div>\n<\/td>\n<\/tr>\n<tr>\n<td colspan=\"1\" rowspan=\"1\">\n<div class=\"magic-10\">Main lifting mechanism<\/div>\n<\/td>\n<td colspan=\"1\" rowspan=\"1\">\n<div class=\"magic-7\">8 ton winch<\/div>\n<\/td>\n<td colspan=\"1\" rowspan=\"1\">\n<div class=\"magic-8\">Big arm size<\/div>\n<\/td>\n<td colspan=\"1\" rowspan=\"1\">\n<div class=\"magic-11\">500mm*300mm<\/div>\n<\/td>\n<\/tr>\n<tr>\n<td colspan=\"1\" rowspan=\"1\">\n<div class=\"magic-10\"><\/div>\n<\/td>\n<td colspan=\"1\" rowspan=\"1\">\n<div class=\"magic-7\"><\/div>\n<\/td>\n<td colspan=\"1\" rowspan=\"1\">\n<div class=\"magic-8\">Slewing bearing<\/div>\n<\/td>\n<td colspan=\"1\" rowspan=\"1\">\n<div class=\"magic-11\">1.05 meter turntable<\/div>\n<\/td>\n<\/tr>\n<\/tbody>\n<\/table>\n<p><a href=\"https:\/\/enmaxgroup.com\/product\/30m-aerial-work-vehicle\/attachment\/30%e7%b1%b3\/\" rel=\"attachment wp-att-7472\"><img decoding=\"async\" class=\"alignnone wp-image-7472 size-full\" src=\"http:\/\/enmaxgroup.com\/wp-content\/uploads\/2018\/06\/30\u7c73.webp\" alt=\"\" width=\"100%\" height=\"1099\" srcset=\"https:\/\/enmaxgroup.com\/wp-content\/uploads\/2018\/06\/30\u7c73.webp 751w, https:\/\/enmaxgroup.com\/wp-content\/uploads\/2018\/06\/30\u7c73-205x300.webp 205w, https:\/\/enmaxgroup.com\/wp-content\/uploads\/2018\/06\/30\u7c73-700x1024.webp 700w, https:\/\/enmaxgroup.com\/wp-content\/uploads\/2018\/06\/30\u7c73-14x20.webp 14w, https:\/\/enmaxgroup.com\/wp-content\/uploads\/2018\/06\/30\u7c73-600x878.webp 600w\" sizes=\"(max-width: 751px) 100vw, 751px\" \/><\/a><\/p>\n<p><a href=\"https:\/\/enmaxgroup.com\/product\/30m-aerial-work-vehicle\/attachment\/30\/\" rel=\"attachment wp-att-7471\"><img decoding=\"async\" class=\"alignnone wp-image-7471\" src=\"http:\/\/enmaxgroup.com\/wp-content\/uploads\/2018\/06\/30.webp\" alt=\"\" width=\"50%\" height=\"518\" srcset=\"https:\/\/enmaxgroup.com\/wp-content\/uploads\/2018\/06\/30.webp 1126w, https:\/\/enmaxgroup.com\/wp-content\/uploads\/2018\/06\/30-300x224.webp 300w, https:\/\/enmaxgroup.com\/wp-content\/uploads\/2018\/06\/30-1024x764.webp 1024w, https:\/\/enmaxgroup.com\/wp-content\/uploads\/2018\/06\/30-768x573.webp 768w, https:\/\/enmaxgroup.com\/wp-content\/uploads\/2018\/06\/30-20x15.webp 20w, https:\/\/enmaxgroup.com\/wp-content\/uploads\/2018\/06\/30-600x448.webp 600w\" sizes=\"(max-width: 1126px) 100vw, 1126px\" \/><\/a><a href=\"https:\/\/enmaxgroup.com\/product\/30m-aerial-work-vehicle\/attachment\/%e9%ab%98%e7%a9%ba%e4%bd%9c%e4%b8%9a%e8%bd%a630%e7%b1%b3-05\/\" rel=\"attachment wp-att-7474\"><img decoding=\"async\" class=\"alignnone wp-image-7474\" src=\"http:\/\/enmaxgroup.com\/wp-content\/uploads\/2018\/06\/\u9ad8\u7a7a\u4f5c\u4e1a\u8f6630\u7c73-05.webp\" alt=\"\" width=\"50%\" height=\"490\" srcset=\"https:\/\/enmaxgroup.com\/wp-content\/uploads\/2018\/06\/\u9ad8\u7a7a\u4f5c\u4e1a\u8f6630\u7c73-05.webp 851w, https:\/\/enmaxgroup.com\/wp-content\/uploads\/2018\/06\/\u9ad8\u7a7a\u4f5c\u4e1a\u8f6630\u7c73-05-300x200.webp 300w, https:\/\/enmaxgroup.com\/wp-content\/uploads\/2018\/06\/\u9ad8\u7a7a\u4f5c\u4e1a\u8f6630\u7c73-05-768x512.webp 768w, https:\/\/enmaxgroup.com\/wp-content\/uploads\/2018\/06\/\u9ad8\u7a7a\u4f5c\u4e1a\u8f6630\u7c73-05-20x13.webp 20w, https:\/\/enmaxgroup.com\/wp-content\/uploads\/2018\/06\/\u9ad8\u7a7a\u4f5c\u4e1a\u8f6630\u7c73-05-600x400.webp 600w\" sizes=\"(max-width: 851px) 100vw, 851px\" \/><\/a><\/p>\n<p>&nbsp;<\/p>","protected":false},"excerpt":{"rendered":"<p>Configuraci\u00f3n opcional: aire acondicionado superior, aire acondicionado inferior, dispositivo de pesaje, limitador de par, c\u00e1mara inal\u00e1mbrica, colgado<br \/>\ncesta, asiento con colch\u00f3n de aire<\/p>\n<p>Caracter\u00edsticas del producto: Equipado con un rotador central, el plato giratorio puede girar 360 grados a voluntad. Equipado con un planetario<br \/>\nmecanismo de reducci\u00f3n, la rotaci\u00f3n es m\u00e1s r\u00e1pida y suave. Equipado con un sistema hidr\u00e1ulico de disipaci\u00f3n de calor para reducir el aceite.<br \/>\ny mejorar la eficiencia; La conducci\u00f3n est\u00e1 equipada con alta y baja velocidad, asistencia al volante y freno neum\u00e1tico,<br \/>\nfacilitando y flexibilizando la conducci\u00f3n del veh\u00edculo.<\/p>","protected":false},"featured_media":7483,"comment_status":"closed","ping_status":"closed","template":"","meta":{"_uag_custom_page_level_css":"","site-sidebar-layout":"default","site-content-layout":"default","ast-site-content-layout":"default","site-content-style":"default","site-sidebar-style":"default","ast-global-header-display":"","ast-banner-title-visibility":"","ast-main-header-display":"","ast-hfb-above-header-display":"","ast-hfb-below-header-display":"","ast-hfb-mobile-header-display":"","site-post-title":"","ast-breadcrumbs-content":"","ast-featured-img":"","footer-sml-layout":"","theme-transparent-header-meta":"default","adv-header-id-meta":"","stick-header-meta":"","header-above-stick-meta":"","header-main-stick-meta":"","header-below-stick-meta":"","astra-migrate-meta-layouts":"set","ast-page-background-enabled":"default","ast-page-background-meta":{"desktop":{"background-color":"var(--ast-global-color-4)","background-image":"","background-repeat":"repeat","background-position":"center center","background-size":"auto","background-attachment":"scroll","background-type":"","background-media":"","overlay-type":"","overlay-color":"","overlay-opacity":"","overlay-gradient":""},"tablet":{"background-color":"","background-image":"","background-repeat":"repeat","background-position":"center center","background-size":"auto","background-attachment":"scroll","background-type":"","background-media":"","overlay-type":"","overlay-color":"","overlay-opacity":"","overlay-gradient":""},"mobile":{"background-color":"","background-image":"","background-repeat":"repeat","background-position":"center center","background-size":"auto","background-attachment":"scroll","background-type":"","background-media":"","overlay-type":"","overlay-color":"","overlay-opacity":"","overlay-gradient":""}},"ast-content-background-meta":{"desktop":{"background-color":"var(--ast-global-color-5)","background-image":"","background-repeat":"repeat","background-position":"center center","background-size":"auto","background-attachment":"scroll","background-type":"","background-media":"","overlay-type":"","overlay-color":"","overlay-opacity":"","overlay-gradient":""},"tablet":{"background-color":"var(--ast-global-color-5)","background-image":"","background-repeat":"repeat","background-position":"center center","background-size":"auto","background-attachment":"scroll","background-type":"","background-media":"","overlay-type":"","overlay-color":"","overlay-opacity":"","overlay-gradient":""},"mobile":{"background-color":"var(--ast-global-color-5)","background-image":"","background-repeat":"repeat","background-position":"center center","background-size":"auto","background-attachment":"scroll","background-type":"","background-media":"","overlay-type":"","overlay-color":"","overlay-opacity":"","overlay-gradient":""}}},"product_brand":[],"product_cat":[136],"product_tag":[],"class_list":{"0":"post-170","1":"product","2":"type-product","3":"status-publish","4":"has-post-thumbnail","6":"product_cat-aerial-work-vehicle","7":"desktop-align-left","8":"tablet-align-left","9":"mobile-align-left","10":"ast-product-gallery-layout-horizontal-slider","11":"ast-product-tabs-layout-horizontal","13":"first","14":"instock","15":"shipping-taxable","16":"product-type-simple"},"uagb_featured_image_src":{"full":["https:\/\/enmaxgroup.com\/wp-content\/uploads\/2018\/06\/09.jpg",800,800,false],"thumbnail":["https:\/\/enmaxgroup.com\/wp-content\/uploads\/2018\/06\/09-150x150.jpg",150,150,true],"medium":["https:\/\/enmaxgroup.com\/wp-content\/uploads\/2018\/06\/09-300x300.jpg",300,300,true],"medium_large":["https:\/\/enmaxgroup.com\/wp-content\/uploads\/2018\/06\/09-768x768.jpg",768,768,true],"large":["https:\/\/enmaxgroup.com\/wp-content\/uploads\/2018\/06\/09.jpg",800,800,false],"1536x1536":["https:\/\/enmaxgroup.com\/wp-content\/uploads\/2018\/06\/09.jpg",800,800,false],"2048x2048":["https:\/\/enmaxgroup.com\/wp-content\/uploads\/2018\/06\/09.jpg",800,800,false],"trp-custom-language-flag":["https:\/\/enmaxgroup.com\/wp-content\/uploads\/2018\/06\/09.jpg",12,12,false],"woocommerce_thumbnail":["https:\/\/enmaxgroup.com\/wp-content\/uploads\/2018\/06\/09-300x300.jpg",300,300,true],"woocommerce_single":["https:\/\/enmaxgroup.com\/wp-content\/uploads\/2018\/06\/09-600x600.jpg",600,600,true],"woocommerce_gallery_thumbnail":["https:\/\/enmaxgroup.com\/wp-content\/uploads\/2018\/06\/09-100x100.jpg",100,100,true]},"uagb_author_info":{"display_name":"Ada Zhang","author_link":"https:\/\/enmaxgroup.com\/es\/author"},"uagb_comment_info":0,"uagb_excerpt":"Optional configuration: upper air conditioning, lower air conditioning, weighing device, torque limiter, wireless camera, hanging basket, air cushion seat Product features: Equipped with a central rotator, the turntable can rotate 360 degrees at will. Equipped with a planetary reduction mechanism, the rotation is faster and smoother. Equipped with a hydraulic heat dissipation system to reduce&hellip;","_links":{"self":[{"href":"https:\/\/enmaxgroup.com\/es\/wp-json\/wp\/v2\/product\/170","targetHints":{"allow":["GET"]}}],"collection":[{"href":"https:\/\/enmaxgroup.com\/es\/wp-json\/wp\/v2\/product"}],"about":[{"href":"https:\/\/enmaxgroup.com\/es\/wp-json\/wp\/v2\/types\/product"}],"replies":[{"embeddable":true,"href":"https:\/\/enmaxgroup.com\/es\/wp-json\/wp\/v2\/comments?post=170"}],"wp:featuredmedia":[{"embeddable":true,"href":"https:\/\/enmaxgroup.com\/es\/wp-json\/wp\/v2\/media\/7483"}],"wp:attachment":[{"href":"https:\/\/enmaxgroup.com\/es\/wp-json\/wp\/v2\/media?parent=170"}],"wp:term":[{"taxonomy":"product_brand","embeddable":true,"href":"https:\/\/enmaxgroup.com\/es\/wp-json\/wp\/v2\/product_brand?post=170"},{"taxonomy":"product_cat","embeddable":true,"href":"https:\/\/enmaxgroup.com\/es\/wp-json\/wp\/v2\/product_cat?post=170"},{"taxonomy":"product_tag","embeddable":true,"href":"https:\/\/enmaxgroup.com\/es\/wp-json\/wp\/v2\/product_tag?post=170"}],"curies":[{"name":"wp","href":"https:\/\/api.w.org\/{rel}","templated":true}]}}