{"id":7977,"date":"2025-02-08T11:42:35","date_gmt":"2025-02-08T03:42:35","guid":{"rendered":"https:\/\/enmaxgroup.com\/?post_type=product&#038;p=7977"},"modified":"2026-01-30T07:48:29","modified_gmt":"2026-01-30T07:48:29","slug":"60m-hydraulic-aerial-work-vehicle","status":"publish","type":"product","link":"http:\/\/enmaxgroup.com\/es\/product\/60m-hydraulic-aerial-work-vehicle","title":{"rendered":"Veh\u00edculo de trabajo a\u00e9reo hidr\u00e1ulico de 60 metros"},"content":{"rendered":"<table>\n<tbody>\n<tr>\n<td colspan=\"2\">EMGK60 Aerial Work Vehicle<\/td>\n<\/tr>\n<tr>\n<td>Wheel base<\/td>\n<td>5550mm<\/td>\n<\/tr>\n<tr>\n<td>Outline dimension<\/td>\n<td>10400mm*2550mm*3900mm<\/td>\n<\/tr>\n<tr>\n<td>Cyre<\/td>\n<td>295\/80R22.5 18PR<\/td>\n<\/tr>\n<tr>\n<td>Brake<\/td>\n<td>Pneumatic brake<\/td>\n<\/tr>\n<tr>\n<td>Other<\/td>\n<td>Air conditioning, steering assistance, electric door control, central locking, multifunctional steering wheel<\/td>\n<\/tr>\n<tr>\n<td>Maximum operation height<\/td>\n<td>60m<\/td>\n<\/tr>\n<tr>\n<td>Maximum range of work<\/td>\n<td>27m<\/td>\n<\/tr>\n<tr>\n<td>Rated load of platform<\/td>\n<td>400kg<\/td>\n<\/tr>\n<tr>\n<td>Arm frame rotation Angle<\/td>\n<td>360\u00b0<\/td>\n<\/tr>\n<tr>\n<td>Platform size<\/td>\n<td>3200mm*1000mm*1100mm<\/td>\n<\/tr>\n<tr>\n<td>Platform rotation range<\/td>\n<td>360\u00b0<\/td>\n<\/tr>\n<tr>\n<td rowspan=\"2\">Big arm<\/td>\n<td>9-section boom<\/td>\n<\/tr>\n<tr>\n<td>Baosteel 960<\/td>\n<\/tr>\n<tr>\n<td rowspan=\"2\">Operating system<\/td>\n<td>Well-known electronic control system<\/td>\n<\/tr>\n<tr>\n<td>Wireless remote control\/Tripartite operation<\/td>\n<\/tr>\n<tr>\n<td rowspan=\"2\">Hydraulic pressure system<\/td>\n<td>Stepless speed regulating electro-hydraulic proportional valve<\/td>\n<\/tr>\n<tr>\n<td>Equipped with emergency power source<\/td>\n<\/tr>\n<tr>\n<td>Hydraulic leg<\/td>\n<td>4 legs, H-shaped, individually adjustable<\/td>\n<\/tr>\n<tr>\n<td>Walkway board<\/td>\n<td>Steel anti slip walkway board<\/td>\n<\/tr>\n<tr>\n<td>Safety Device<\/td>\n<td>Interlocking of boarding and alighting, emergency power source, bidirectional hydraulic balance valve, soft leg protection<\/td>\n<\/tr>\n<\/tbody>\n<\/table>\n<p><img fetchpriority=\"high\" decoding=\"async\" class=\"alignnone wp-image-7974 size-full\" src=\"http:\/\/enmaxgroup.com\/wp-content\/uploads\/2025\/02\/\u9ad8\u7a7a\u4f5c\u4e1a\u8f6660\u7c73-1-scaled.webp\" alt=\"Veh\u00edculo de trabajo a\u00e9reo 60M\" width=\"1748\" height=\"2560\" srcset=\"https:\/\/enmaxgroup.com\/wp-content\/uploads\/2025\/02\/\u9ad8\u7a7a\u4f5c\u4e1a\u8f6660\u7c73-1-scaled.webp 1748w, https:\/\/enmaxgroup.com\/wp-content\/uploads\/2025\/02\/\u9ad8\u7a7a\u4f5c\u4e1a\u8f6660\u7c73-1-205x300.webp 205w, https:\/\/enmaxgroup.com\/wp-content\/uploads\/2025\/02\/\u9ad8\u7a7a\u4f5c\u4e1a\u8f6660\u7c73-1-699x1024.webp 699w, https:\/\/enmaxgroup.com\/wp-content\/uploads\/2025\/02\/\u9ad8\u7a7a\u4f5c\u4e1a\u8f6660\u7c73-1-768x1124.webp 768w, https:\/\/enmaxgroup.com\/wp-content\/uploads\/2025\/02\/\u9ad8\u7a7a\u4f5c\u4e1a\u8f6660\u7c73-1-1049x1536.webp 1049w, https:\/\/enmaxgroup.com\/wp-content\/uploads\/2025\/02\/\u9ad8\u7a7a\u4f5c\u4e1a\u8f6660\u7c73-1-1399x2048.webp 1399w, https:\/\/enmaxgroup.com\/wp-content\/uploads\/2025\/02\/\u9ad8\u7a7a\u4f5c\u4e1a\u8f6660\u7c73-1-600x879.webp 600w\" sizes=\"(max-width: 1748px) 100vw, 1748px\" \/><\/p>\n<p><img decoding=\"async\" class=\"alignnone wp-image-7975\" src=\"http:\/\/enmaxgroup.com\/wp-content\/uploads\/2025\/02\/\u9ad8\u7a7a\u4f5c\u4e1a\u8f6660\u7c73-2.webp\" alt=\"Veh\u00edculo de trabajo a\u00e9reo 60M\" width=\"623\" height=\"497\" srcset=\"https:\/\/enmaxgroup.com\/wp-content\/uploads\/2025\/02\/\u9ad8\u7a7a\u4f5c\u4e1a\u8f6660\u7c73-2.webp 988w, https:\/\/enmaxgroup.com\/wp-content\/uploads\/2025\/02\/\u9ad8\u7a7a\u4f5c\u4e1a\u8f6660\u7c73-2-300x239.webp 300w, https:\/\/enmaxgroup.com\/wp-content\/uploads\/2025\/02\/\u9ad8\u7a7a\u4f5c\u4e1a\u8f6660\u7c73-2-768x613.webp 768w, https:\/\/enmaxgroup.com\/wp-content\/uploads\/2025\/02\/\u9ad8\u7a7a\u4f5c\u4e1a\u8f6660\u7c73-2-600x479.webp 600w\" sizes=\"(max-width: 623px) 100vw, 623px\" \/> <img decoding=\"async\" class=\"wp-image-7940  alignright\" src=\"http:\/\/enmaxgroup.com\/wp-content\/uploads\/2025\/02\/\u9ad8\u7a7a\u4f5c\u4e1a\u8f6660\u7c73-scaled.webp\" alt=\"Veh\u00edculo de trabajo a\u00e9reo 60M\" width=\"680\" height=\"1017\" srcset=\"https:\/\/enmaxgroup.com\/wp-content\/uploads\/2025\/02\/\u9ad8\u7a7a\u4f5c\u4e1a\u8f6660\u7c73-scaled.webp 1713w, https:\/\/enmaxgroup.com\/wp-content\/uploads\/2025\/02\/\u9ad8\u7a7a\u4f5c\u4e1a\u8f6660\u7c73-201x300.webp 201w, https:\/\/enmaxgroup.com\/wp-content\/uploads\/2025\/02\/\u9ad8\u7a7a\u4f5c\u4e1a\u8f6660\u7c73-685x1024.webp 685w, https:\/\/enmaxgroup.com\/wp-content\/uploads\/2025\/02\/\u9ad8\u7a7a\u4f5c\u4e1a\u8f6660\u7c73-768x1148.webp 768w, https:\/\/enmaxgroup.com\/wp-content\/uploads\/2025\/02\/\u9ad8\u7a7a\u4f5c\u4e1a\u8f6660\u7c73-1028x1536.webp 1028w, https:\/\/enmaxgroup.com\/wp-content\/uploads\/2025\/02\/\u9ad8\u7a7a\u4f5c\u4e1a\u8f6660\u7c73-1370x2048.webp 1370w, https:\/\/enmaxgroup.com\/wp-content\/uploads\/2025\/02\/\u9ad8\u7a7a\u4f5c\u4e1a\u8f6660\u7c73-600x897.webp 600w\" sizes=\"(max-width: 680px) 100vw, 680px\" \/><\/p>","protected":false},"excerpt":{"rendered":"<p>Configuraci\u00f3n opcional: aire acondicionado superior, aire acondicionado inferior, dispositivo de pesaje, limitador de par, c\u00e1mara inal\u00e1mbrica, colgado<br \/>\ncesta, asiento con colch\u00f3n de aire<\/p>\n<p>Caracter\u00edsticas del producto: Equipado con un rotador central, el plato giratorio puede girar 360 grados a voluntad. Equipado con un planetario<br \/>\nmecanismo de reducci\u00f3n, la rotaci\u00f3n es m\u00e1s r\u00e1pida y suave. Equipado con un sistema hidr\u00e1ulico de disipaci\u00f3n de calor para reducir el aceite.<br \/>\ny mejorar la eficiencia; La conducci\u00f3n est\u00e1 equipada con alta y baja velocidad, asistencia al volante y freno neum\u00e1tico,<br \/>\nfacilitando y flexibilizando la conducci\u00f3n del veh\u00edculo.<\/p>","protected":false},"featured_media":7966,"comment_status":"closed","ping_status":"closed","template":"","meta":{"_uag_custom_page_level_css":"","site-sidebar-layout":"default","site-content-layout":"","ast-site-content-layout":"default","site-content-style":"default","site-sidebar-style":"default","ast-global-header-display":"","ast-banner-title-visibility":"","ast-main-header-display":"","ast-hfb-above-header-display":"","ast-hfb-below-header-display":"","ast-hfb-mobile-header-display":"","site-post-title":"","ast-breadcrumbs-content":"","ast-featured-img":"","footer-sml-layout":"","theme-transparent-header-meta":"default","adv-header-id-meta":"","stick-header-meta":"","header-above-stick-meta":"","header-main-stick-meta":"","header-below-stick-meta":"","astra-migrate-meta-layouts":"set","ast-page-background-enabled":"default","ast-page-background-meta":{"desktop":{"background-color":"var(--ast-global-color-4)","background-image":"","background-repeat":"repeat","background-position":"center center","background-size":"auto","background-attachment":"scroll","background-type":"","background-media":"","overlay-type":"","overlay-color":"","overlay-opacity":"","overlay-gradient":""},"tablet":{"background-color":"","background-image":"","background-repeat":"repeat","background-position":"center center","background-size":"auto","background-attachment":"scroll","background-type":"","background-media":"","overlay-type":"","overlay-color":"","overlay-opacity":"","overlay-gradient":""},"mobile":{"background-color":"","background-image":"","background-repeat":"repeat","background-position":"center center","background-size":"auto","background-attachment":"scroll","background-type":"","background-media":"","overlay-type":"","overlay-color":"","overlay-opacity":"","overlay-gradient":""}},"ast-content-background-meta":{"desktop":{"background-color":"var(--ast-global-color-5)","background-image":"","background-repeat":"repeat","background-position":"center center","background-size":"auto","background-attachment":"scroll","background-type":"","background-media":"","overlay-type":"","overlay-color":"","overlay-opacity":"","overlay-gradient":""},"tablet":{"background-color":"var(--ast-global-color-5)","background-image":"","background-repeat":"repeat","background-position":"center center","background-size":"auto","background-attachment":"scroll","background-type":"","background-media":"","overlay-type":"","overlay-color":"","overlay-opacity":"","overlay-gradient":""},"mobile":{"background-color":"var(--ast-global-color-5)","background-image":"","background-repeat":"repeat","background-position":"center center","background-size":"auto","background-attachment":"scroll","background-type":"","background-media":"","overlay-type":"","overlay-color":"","overlay-opacity":"","overlay-gradient":""}}},"product_brand":[],"product_cat":[136],"product_tag":[],"class_list":{"0":"post-7977","1":"product","2":"type-product","3":"status-publish","4":"has-post-thumbnail","6":"product_cat-aerial-work-vehicle","7":"desktop-align-left","8":"tablet-align-left","9":"mobile-align-left","10":"ast-product-gallery-layout-horizontal-slider","11":"ast-product-gallery-with-no-image","12":"ast-product-tabs-layout-horizontal","14":"first","15":"instock","16":"shipping-taxable","17":"product-type-simple"},"uagb_featured_image_src":{"full":["https:\/\/enmaxgroup.com\/wp-content\/uploads\/2025\/02\/60m.webp",1000,1000,false],"thumbnail":["https:\/\/enmaxgroup.com\/wp-content\/uploads\/2025\/02\/60m-150x150.webp",150,150,true],"medium":["https:\/\/enmaxgroup.com\/wp-content\/uploads\/2025\/02\/60m-300x300.webp",300,300,true],"medium_large":["https:\/\/enmaxgroup.com\/wp-content\/uploads\/2025\/02\/60m-768x768.webp",768,768,true],"large":["https:\/\/enmaxgroup.com\/wp-content\/uploads\/2025\/02\/60m.webp",1000,1000,false],"1536x1536":["https:\/\/enmaxgroup.com\/wp-content\/uploads\/2025\/02\/60m.webp",1000,1000,false],"2048x2048":["https:\/\/enmaxgroup.com\/wp-content\/uploads\/2025\/02\/60m.webp",1000,1000,false],"trp-custom-language-flag":["https:\/\/enmaxgroup.com\/wp-content\/uploads\/2025\/02\/60m.webp",12,12,false],"woocommerce_thumbnail":["https:\/\/enmaxgroup.com\/wp-content\/uploads\/2025\/02\/60m-300x300.webp",300,300,true],"woocommerce_single":["https:\/\/enmaxgroup.com\/wp-content\/uploads\/2025\/02\/60m-600x600.webp",600,600,true],"woocommerce_gallery_thumbnail":["https:\/\/enmaxgroup.com\/wp-content\/uploads\/2025\/02\/60m-100x100.webp",100,100,true]},"uagb_author_info":{"display_name":"Ada Zhang","author_link":"https:\/\/enmaxgroup.com\/es\/author"},"uagb_comment_info":0,"uagb_excerpt":"Optional configuration: upper air conditioning, lower air conditioning, weighing device, torque limiter, wireless camera, hanging basket, air cushion seat Product features: Equipped with a central rotator, the turntable can rotate 360 degrees at will. Equipped with a planetary reduction mechanism, the rotation is faster and smoother. Equipped with a hydraulic heat dissipation system to reduce&hellip;","_links":{"self":[{"href":"https:\/\/enmaxgroup.com\/es\/wp-json\/wp\/v2\/product\/7977","targetHints":{"allow":["GET"]}}],"collection":[{"href":"https:\/\/enmaxgroup.com\/es\/wp-json\/wp\/v2\/product"}],"about":[{"href":"https:\/\/enmaxgroup.com\/es\/wp-json\/wp\/v2\/types\/product"}],"replies":[{"embeddable":true,"href":"https:\/\/enmaxgroup.com\/es\/wp-json\/wp\/v2\/comments?post=7977"}],"wp:featuredmedia":[{"embeddable":true,"href":"https:\/\/enmaxgroup.com\/es\/wp-json\/wp\/v2\/media\/7966"}],"wp:attachment":[{"href":"https:\/\/enmaxgroup.com\/es\/wp-json\/wp\/v2\/media?parent=7977"}],"wp:term":[{"taxonomy":"product_brand","embeddable":true,"href":"https:\/\/enmaxgroup.com\/es\/wp-json\/wp\/v2\/product_brand?post=7977"},{"taxonomy":"product_cat","embeddable":true,"href":"https:\/\/enmaxgroup.com\/es\/wp-json\/wp\/v2\/product_cat?post=7977"},{"taxonomy":"product_tag","embeddable":true,"href":"https:\/\/enmaxgroup.com\/es\/wp-json\/wp\/v2\/product_tag?post=7977"}],"curies":[{"name":"wp","href":"https:\/\/api.w.org\/{rel}","templated":true}]}}