{"id":7931,"date":"2025-02-08T11:12:00","date_gmt":"2025-02-08T03:12:00","guid":{"rendered":"https:\/\/enmaxgroup.com\/?post_type=product&#038;p=7931"},"modified":"2026-02-12T09:06:53","modified_gmt":"2026-02-12T09:06:53","slug":"23-30-35-45-60m-grue-pour-vehicule-de-travail-aerien-partie-superieure","status":"publish","type":"product","link":"http:\/\/enmaxgroup.com\/fr\/product\/23-30-35-45-60m-aerial-work-vehicle-crane-upper-part","title":{"rendered":"Grue pour v\u00e9hicule de travail a\u00e9rien 30\/35\/45\/60M - Partie sup\u00e9rieure"},"content":{"rendered":"<table>\n<tbody>\n<tr>\n<td colspan=\"1\" rowspan=\"1\">\n<div>Marque<\/div>\n<\/td>\n<td colspan=\"1\" rowspan=\"1\">\n<div>Fl\u00e8che t\u00e9lescopique HOWO<\/div>\n<\/td>\n<\/tr>\n<tr>\n<td colspan=\"1\" rowspan=\"1\">\n<div>Hauteur de levage maximale<\/div>\n<\/td>\n<td colspan=\"1\" rowspan=\"1\">\n<div>31m<\/div>\n<\/td>\n<\/tr>\n<tr>\n<td colspan=\"1\" rowspan=\"1\">\n<div>Type de structure de la rampe<\/div>\n<\/td>\n<td colspan=\"1\" rowspan=\"1\">\n<div>7m*5 sections<\/div>\n<\/td>\n<\/tr>\n<tr>\n<td colspan=\"1\" rowspan=\"1\">\n<div>Longueur totale de la fl\u00e8che de la grue<\/div>\n<\/td>\n<td colspan=\"1\" rowspan=\"1\">\n<div>30m<\/div>\n<\/td>\n<\/tr>\n<tr>\n<td colspan=\"1\" rowspan=\"1\">\n<div>M\u00e9canisme de pivotement<\/div>\n<\/td>\n<td colspan=\"1\" rowspan=\"1\">\n<div>Deuxi\u00e8me \u00e9tage de la direction plan\u00e9taire<\/div>\n<\/td>\n<\/tr>\n<tr>\n<td colspan=\"1\" rowspan=\"1\">\n<div>Les stabilisateurs<\/div>\n<\/td>\n<td colspan=\"1\" rowspan=\"1\">\n<div>5 stabilisateurs enti\u00e8rement hydrauliques<\/div>\n<\/td>\n<\/tr>\n<tr>\n<td colspan=\"1\" rowspan=\"1\">\n<div>Port\u00e9e du balancier (lat\u00e9rale)<\/div>\n<\/td>\n<td colspan=\"1\" rowspan=\"1\">\n<div>6200mm<\/div>\n<\/td>\n<\/tr>\n<tr>\n<td colspan=\"1\" rowspan=\"1\">\n<div>Port\u00e9e du balancier (verticale)<\/div>\n<\/td>\n<td colspan=\"1\" rowspan=\"1\">\n<div>4500mm<\/div>\n<\/td>\n<\/tr>\n<tr>\n<td colspan=\"1\" rowspan=\"1\">\n<div>Feu de travail<\/div>\n<\/td>\n<td colspan=\"1\" rowspan=\"1\">\n<div>Deux<\/div>\n<\/td>\n<\/tr>\n<tr>\n<td colspan=\"1\" rowspan=\"1\">\n<div>Mode de fonctionnement du levage<\/div>\n<\/td>\n<td colspan=\"1\" rowspan=\"1\">\n<div>Configuration standard<\/div>\n<\/td>\n<\/tr>\n<tr>\n<td colspan=\"1\" rowspan=\"1\">\n<div>Forme de sortie de la tige<\/div>\n<\/td>\n<td colspan=\"1\" rowspan=\"1\">\n<div>Fonctionnement de la tige de pouss\u00e9e<\/div>\n<\/td>\n<\/tr>\n<tr>\n<td colspan=\"1\" rowspan=\"1\">\n<div>Longueur de l'extension de l'outrigger<\/div>\n<\/td>\n<td colspan=\"1\" rowspan=\"1\">\n<div>2m<\/div>\n<\/td>\n<\/tr>\n<tr>\n<td colspan=\"1\" rowspan=\"1\">\n<div>Distance horizontale de la fl\u00e8che de la grue<\/div>\n<\/td>\n<td colspan=\"1\" rowspan=\"1\">\n<div>22m (1 tonne)<\/div>\n<\/td>\n<\/tr>\n<tr>\n<td colspan=\"1\" rowspan=\"1\">\n<div>M\u00e9canisme de levage principal<\/div>\n<\/td>\n<td colspan=\"1\" rowspan=\"1\">\n<div>Treuil de 10 tonnes<\/div>\n<\/td>\n<\/tr>\n<tr>\n<td colspan=\"1\" rowspan=\"1\">\n<div>M\u00e9canisme de levage auxiliaire<\/div>\n<\/td>\n<td colspan=\"1\" rowspan=\"1\">\n<div>Treuils de 7 et 10 tonnes<\/div>\n<\/td>\n<\/tr>\n<\/tbody>\n<\/table>\n<p>&nbsp;<\/p>\n<p><img fetchpriority=\"high\" decoding=\"async\" class=\"aligncenter wp-image-7937 size-full\" style=\"font-weight: inherit;\" src=\"http:\/\/enmaxgroup.com\/wp-content\/uploads\/2025\/02\/\u9ad8\u7a7a\u4f5c\u4e1a\u8f6630\u7c73-3.webp\" alt=\"\" width=\"851\" height=\"567\" srcset=\"https:\/\/enmaxgroup.com\/wp-content\/uploads\/2025\/02\/\u9ad8\u7a7a\u4f5c\u4e1a\u8f6630\u7c73-3.webp 851w, https:\/\/enmaxgroup.com\/wp-content\/uploads\/2025\/02\/\u9ad8\u7a7a\u4f5c\u4e1a\u8f6630\u7c73-3-300x200.webp 300w, https:\/\/enmaxgroup.com\/wp-content\/uploads\/2025\/02\/\u9ad8\u7a7a\u4f5c\u4e1a\u8f6630\u7c73-3-768x512.webp 768w, https:\/\/enmaxgroup.com\/wp-content\/uploads\/2025\/02\/\u9ad8\u7a7a\u4f5c\u4e1a\u8f6630\u7c73-3-20x13.webp 20w, https:\/\/enmaxgroup.com\/wp-content\/uploads\/2025\/02\/\u9ad8\u7a7a\u4f5c\u4e1a\u8f6630\u7c73-3-600x400.webp 600w\" sizes=\"(max-width: 851px) 100vw, 851px\" \/><img decoding=\"async\" class=\"wp-image-7938 size-large aligncenter\" style=\"font-style: inherit; font-weight: inherit;\" src=\"http:\/\/enmaxgroup.com\/wp-content\/uploads\/2025\/02\/\u9ad8\u7a7a\u4f5c\u4e1a\u8f6635\u7c73-4-768x1024.webp\" alt=\"\" width=\"768\" height=\"1024\" srcset=\"https:\/\/enmaxgroup.com\/wp-content\/uploads\/2025\/02\/\u9ad8\u7a7a\u4f5c\u4e1a\u8f6635\u7c73-4-768x1023.webp 768w, https:\/\/enmaxgroup.com\/wp-content\/uploads\/2025\/02\/\u9ad8\u7a7a\u4f5c\u4e1a\u8f6635\u7c73-4-225x300.webp 225w, https:\/\/enmaxgroup.com\/wp-content\/uploads\/2025\/02\/\u9ad8\u7a7a\u4f5c\u4e1a\u8f6635\u7c73-4-600x800.webp 600w, https:\/\/enmaxgroup.com\/wp-content\/uploads\/2025\/02\/\u9ad8\u7a7a\u4f5c\u4e1a\u8f6635\u7c73-4.webp 887w\" sizes=\"(max-width: 768px) 100vw, 768px\" \/><img decoding=\"async\" class=\"aligncenter wp-image-7939 size-large\" style=\"font-style: inherit; font-weight: inherit;\" src=\"http:\/\/enmaxgroup.com\/wp-content\/uploads\/2025\/02\/\u9ad8\u7a7a\u4f5c\u4e1a\u8f6645\u7c73-1-679x1024.webp\" alt=\"\" width=\"679\" height=\"1024\" srcset=\"https:\/\/enmaxgroup.com\/wp-content\/uploads\/2025\/02\/\u9ad8\u7a7a\u4f5c\u4e1a\u8f6645\u7c73-1-679x1024.webp 679w, https:\/\/enmaxgroup.com\/wp-content\/uploads\/2025\/02\/\u9ad8\u7a7a\u4f5c\u4e1a\u8f6645\u7c73-1-199x300.webp 199w, https:\/\/enmaxgroup.com\/wp-content\/uploads\/2025\/02\/\u9ad8\u7a7a\u4f5c\u4e1a\u8f6645\u7c73-1-768x1158.webp 768w, https:\/\/enmaxgroup.com\/wp-content\/uploads\/2025\/02\/\u9ad8\u7a7a\u4f5c\u4e1a\u8f6645\u7c73-1-1019x1536.webp 1019w, https:\/\/enmaxgroup.com\/wp-content\/uploads\/2025\/02\/\u9ad8\u7a7a\u4f5c\u4e1a\u8f6645\u7c73-1-1358x2048.webp 1358w, https:\/\/enmaxgroup.com\/wp-content\/uploads\/2025\/02\/\u9ad8\u7a7a\u4f5c\u4e1a\u8f6645\u7c73-1-13x20.webp 13w, https:\/\/enmaxgroup.com\/wp-content\/uploads\/2025\/02\/\u9ad8\u7a7a\u4f5c\u4e1a\u8f6645\u7c73-1-600x905.webp 600w, https:\/\/enmaxgroup.com\/wp-content\/uploads\/2025\/02\/\u9ad8\u7a7a\u4f5c\u4e1a\u8f6645\u7c73-1.webp 1445w\" sizes=\"(max-width: 679px) 100vw, 679px\" \/> <img loading=\"lazy\" decoding=\"async\" class=\"wp-image-7940 size-large aligncenter\" src=\"http:\/\/enmaxgroup.com\/wp-content\/uploads\/2025\/02\/\u9ad8\u7a7a\u4f5c\u4e1a\u8f6660\u7c73-685x1024.webp\" alt=\"\" width=\"685\" height=\"1024\" srcset=\"https:\/\/enmaxgroup.com\/wp-content\/uploads\/2025\/02\/\u9ad8\u7a7a\u4f5c\u4e1a\u8f6660\u7c73-685x1024.webp 685w, https:\/\/enmaxgroup.com\/wp-content\/uploads\/2025\/02\/\u9ad8\u7a7a\u4f5c\u4e1a\u8f6660\u7c73-201x300.webp 201w, https:\/\/enmaxgroup.com\/wp-content\/uploads\/2025\/02\/\u9ad8\u7a7a\u4f5c\u4e1a\u8f6660\u7c73-768x1148.webp 768w, https:\/\/enmaxgroup.com\/wp-content\/uploads\/2025\/02\/\u9ad8\u7a7a\u4f5c\u4e1a\u8f6660\u7c73-1028x1536.webp 1028w, https:\/\/enmaxgroup.com\/wp-content\/uploads\/2025\/02\/\u9ad8\u7a7a\u4f5c\u4e1a\u8f6660\u7c73-1370x2048.webp 1370w, https:\/\/enmaxgroup.com\/wp-content\/uploads\/2025\/02\/\u9ad8\u7a7a\u4f5c\u4e1a\u8f6660\u7c73-600x897.webp 600w, https:\/\/enmaxgroup.com\/wp-content\/uploads\/2025\/02\/\u9ad8\u7a7a\u4f5c\u4e1a\u8f6660\u7c73-scaled.webp 1713w\" sizes=\"(max-width: 685px) 100vw, 685px\" \/><span style=\"font-size: 16px;\">\u00a0<\/span><\/p>","protected":false},"excerpt":{"rendered":"<p>Brand HOWO telescopic boom Maximum lifting height 31m Boom structure type 7m*5 sections Total length of crane boom 30m Swivel [&hellip;]<\/p>\n","protected":false},"featured_media":7935,"comment_status":"closed","ping_status":"closed","template":"","meta":{"_uag_custom_page_level_css":"","site-sidebar-layout":"default","site-content-layout":"","ast-site-content-layout":"default","site-content-style":"default","site-sidebar-style":"default","ast-global-header-display":"","ast-banner-title-visibility":"","ast-main-header-display":"","ast-hfb-above-header-display":"","ast-hfb-below-header-display":"","ast-hfb-mobile-header-display":"","site-post-title":"","ast-breadcrumbs-content":"","ast-featured-img":"","footer-sml-layout":"","theme-transparent-header-meta":"default","adv-header-id-meta":"","stick-header-meta":"default","header-above-stick-meta":"","header-main-stick-meta":"","header-below-stick-meta":"","astra-migrate-meta-layouts":"set","ast-page-background-enabled":"default","ast-page-background-meta":{"desktop":{"background-color":"var(--ast-global-color-4)","background-image":"","background-repeat":"repeat","background-position":"center center","background-size":"auto","background-attachment":"scroll","background-type":"","background-media":"","overlay-type":"","overlay-color":"","overlay-opacity":"","overlay-gradient":""},"tablet":{"background-color":"","background-image":"","background-repeat":"repeat","background-position":"center center","background-size":"auto","background-attachment":"scroll","background-type":"","background-media":"","overlay-type":"","overlay-color":"","overlay-opacity":"","overlay-gradient":""},"mobile":{"background-color":"","background-image":"","background-repeat":"repeat","background-position":"center center","background-size":"auto","background-attachment":"scroll","background-type":"","background-media":"","overlay-type":"","overlay-color":"","overlay-opacity":"","overlay-gradient":""}},"ast-content-background-meta":{"desktop":{"background-color":"var(--ast-global-color-5)","background-image":"","background-repeat":"repeat","background-position":"center center","background-size":"auto","background-attachment":"scroll","background-type":"","background-media":"","overlay-type":"","overlay-color":"","overlay-opacity":"","overlay-gradient":""},"tablet":{"background-color":"var(--ast-global-color-5)","background-image":"","background-repeat":"repeat","background-position":"center center","background-size":"auto","background-attachment":"scroll","background-type":"","background-media":"","overlay-type":"","overlay-color":"","overlay-opacity":"","overlay-gradient":""},"mobile":{"background-color":"var(--ast-global-color-5)","background-image":"","background-repeat":"repeat","background-position":"center center","background-size":"auto","background-attachment":"scroll","background-type":"","background-media":"","overlay-type":"","overlay-color":"","overlay-opacity":"","overlay-gradient":""}}},"product_brand":[],"product_cat":[152],"product_tag":[],"class_list":{"0":"post-7931","1":"product","2":"type-product","3":"status-publish","4":"has-post-thumbnail","6":"product_cat-awp-upper-part","7":"desktop-align-left","8":"tablet-align-left","9":"mobile-align-left","10":"ast-product-gallery-layout-horizontal-slider","11":"ast-product-tabs-layout-horizontal","13":"first","14":"instock","15":"featured","16":"shipping-taxable","17":"product-type-simple"},"uagb_featured_image_src":{"full":["https:\/\/enmaxgroup.com\/wp-content\/uploads\/2025\/02\/\u9ad8\u7a7a\u4e0a\u88c535-1.webp",1000,1000,false],"thumbnail":["https:\/\/enmaxgroup.com\/wp-content\/uploads\/2025\/02\/\u9ad8\u7a7a\u4e0a\u88c535-1-150x150.webp",150,150,true],"medium":["https:\/\/enmaxgroup.com\/wp-content\/uploads\/2025\/02\/\u9ad8\u7a7a\u4e0a\u88c535-1-300x300.webp",300,300,true],"medium_large":["https:\/\/enmaxgroup.com\/wp-content\/uploads\/2025\/02\/\u9ad8\u7a7a\u4e0a\u88c535-1-768x768.webp",768,768,true],"large":["https:\/\/enmaxgroup.com\/wp-content\/uploads\/2025\/02\/\u9ad8\u7a7a\u4e0a\u88c535-1.webp",1000,1000,false],"1536x1536":["https:\/\/enmaxgroup.com\/wp-content\/uploads\/2025\/02\/\u9ad8\u7a7a\u4e0a\u88c535-1.webp",1000,1000,false],"2048x2048":["https:\/\/enmaxgroup.com\/wp-content\/uploads\/2025\/02\/\u9ad8\u7a7a\u4e0a\u88c535-1.webp",1000,1000,false],"trp-custom-language-flag":["https:\/\/enmaxgroup.com\/wp-content\/uploads\/2025\/02\/\u9ad8\u7a7a\u4e0a\u88c535-1.webp",12,12,false],"woocommerce_thumbnail":["https:\/\/enmaxgroup.com\/wp-content\/uploads\/2025\/02\/\u9ad8\u7a7a\u4e0a\u88c535-1-300x300.webp",300,300,true],"woocommerce_single":["https:\/\/enmaxgroup.com\/wp-content\/uploads\/2025\/02\/\u9ad8\u7a7a\u4e0a\u88c535-1-600x600.webp",600,600,true],"woocommerce_gallery_thumbnail":["https:\/\/enmaxgroup.com\/wp-content\/uploads\/2025\/02\/\u9ad8\u7a7a\u4e0a\u88c535-1-100x100.webp",100,100,true]},"uagb_author_info":{"display_name":"Ada Zhang","author_link":"https:\/\/enmaxgroup.com\/fr\/author"},"uagb_comment_info":0,"uagb_excerpt":"Brand HOWO telescopic boom Maximum lifting height 31m Boom structure type 7m*5 sections Total length of crane boom 30m Swivel [&hellip;]","_links":{"self":[{"href":"https:\/\/enmaxgroup.com\/fr\/wp-json\/wp\/v2\/product\/7931","targetHints":{"allow":["GET"]}}],"collection":[{"href":"https:\/\/enmaxgroup.com\/fr\/wp-json\/wp\/v2\/product"}],"about":[{"href":"https:\/\/enmaxgroup.com\/fr\/wp-json\/wp\/v2\/types\/product"}],"replies":[{"embeddable":true,"href":"https:\/\/enmaxgroup.com\/fr\/wp-json\/wp\/v2\/comments?post=7931"}],"wp:featuredmedia":[{"embeddable":true,"href":"https:\/\/enmaxgroup.com\/fr\/wp-json\/wp\/v2\/media\/7935"}],"wp:attachment":[{"href":"https:\/\/enmaxgroup.com\/fr\/wp-json\/wp\/v2\/media?parent=7931"}],"wp:term":[{"taxonomy":"product_brand","embeddable":true,"href":"https:\/\/enmaxgroup.com\/fr\/wp-json\/wp\/v2\/product_brand?post=7931"},{"taxonomy":"product_cat","embeddable":true,"href":"https:\/\/enmaxgroup.com\/fr\/wp-json\/wp\/v2\/product_cat?post=7931"},{"taxonomy":"product_tag","embeddable":true,"href":"https:\/\/enmaxgroup.com\/fr\/wp-json\/wp\/v2\/product_tag?post=7931"}],"curies":[{"name":"wp","href":"https:\/\/api.w.org\/{rel}","templated":true}]}}