{"id":7948,"date":"2025-02-08T11:19:05","date_gmt":"2025-02-08T03:19:05","guid":{"rendered":"https:\/\/enmaxgroup.com\/?post_type=product&#038;p=7948"},"modified":"2026-02-25T04:01:36","modified_gmt":"2026-02-25T04:01:36","slug":"3-2t-16t-telescopic-boom-crane-spare-parts","status":"publish","type":"product","link":"http:\/\/enmaxgroup.com\/fr\/product\/3-2t-16t-telescopic-boom-crane-spare-parts","title":{"rendered":"Partie sup\u00e9rieure de la grue : Bras t\u00e9lescopique de 20m (3,2T \u00e0 16T)"},"content":{"rendered":"<table>\n<tbody>\n<tr>\n<td colspan=\"7\" rowspan=\"1\">\n<div><i><b>LIFTING &amp; SLEWING SYSTEM<\/b><\/i><\/div>\n<\/td>\n<\/tr>\n<tr>\n<td colspan=\"1\"><\/td>\n<td colspan=\"1\"><b>3.2TON<\/b><\/td>\n<td colspan=\"1\"><b>6.3TON<\/b><\/td>\n<td colspan=\"1\"><b>8TON<\/b><\/td>\n<td colspan=\"1\"><b>12TON<\/b><\/td>\n<td colspan=\"1\"><b>14TON<\/b><\/td>\n<td colspan=\"1\"><b>16TON<\/b><\/td>\n<\/tr>\n<tr>\n<td colspan=\"1\" rowspan=\"1\">\n<div>Max. lifting weight<\/div>\n<\/td>\n<td colspan=\"1\" rowspan=\"1\">\n<div>\n<div>3200kg<\/div>\n<\/div>\n<\/td>\n<td colspan=\"1\" rowspan=\"1\">\n<div>\n<div>6300kg<\/div>\n<\/div>\n<\/td>\n<td colspan=\"1\" rowspan=\"1\">\n<div>\n<div>8000kg<\/div>\n<\/div>\n<\/td>\n<td colspan=\"1\" rowspan=\"1\">\n<div>\n<div>12000kg<\/div>\n<\/div>\n<\/td>\n<td colspan=\"1\" rowspan=\"1\">\n<div>\n<div>14000kg<\/div>\n<\/div>\n<\/td>\n<td colspan=\"1\" rowspan=\"1\">\n<div>\n<div>16000kg<\/div>\n<\/div>\n<\/td>\n<\/tr>\n<tr>\n<td colspan=\"1\" rowspan=\"1\">\n<div>Hauteur de levage maximale<\/div>\n<\/td>\n<td colspan=\"1\" rowspan=\"1\">\n<div>\n<div>11.5m<\/div>\n<\/div>\n<\/td>\n<td colspan=\"1\" rowspan=\"1\">\n<div>\n<div>14.6m<\/div>\n<\/div>\n<\/td>\n<td colspan=\"1\" rowspan=\"1\">\n<div>\n<div>20m<\/div>\n<\/div>\n<\/td>\n<td colspan=\"2\" rowspan=\"1\">\n<div>\n<div>21.8m<\/div>\n<\/div>\n<\/td>\n<td colspan=\"1\" rowspan=\"1\">\n<div>\n<div>22.8m<\/div>\n<\/div>\n<\/td>\n<\/tr>\n<tr>\n<td colspan=\"1\" rowspan=\"1\">\n<div>Max. elevation angle<\/div>\n<\/td>\n<td colspan=\"1\" rowspan=\"1\">\n<div>\n<div>0-75\u00b0<\/div>\n<\/div>\n<\/td>\n<td colspan=\"2\" rowspan=\"1\">\n<div>\n<div>0-80\u00b0<\/div>\n<\/div>\n<\/td>\n<td colspan=\"2\" rowspan=\"1\">\n<div>\n<div>0-75\u00b0<\/div>\n<\/div>\n<\/td>\n<td colspan=\"1\" rowspan=\"1\">\n<div>\n<div>0-80\u00b0<\/div>\n<\/div>\n<\/td>\n<\/tr>\n<tr>\n<td colspan=\"1\" rowspan=\"1\">\n<div>Bomm<\/div>\n<\/td>\n<td colspan=\"1\" rowspan=\"1\">\n<div>\n<div>3m*4 sections<\/div>\n<\/div>\n<\/td>\n<td colspan=\"1\" rowspan=\"1\">\n<div>\n<div>3.8m x4 sections(3.98-12.9m)<\/div>\n<\/div>\n<\/td>\n<td colspan=\"1\" rowspan=\"1\">\n<div>\n<div>5m x 5 sections<\/div>\n<\/div>\n<\/td>\n<td colspan=\"2\" rowspan=\"1\">\n<div>\n<div>5mx5 sections (U-shape, 5.6-18.8m)<\/div>\n<\/div>\n<\/td>\n<td colspan=\"1\" rowspan=\"1\">\n<div>\n<div>5.5mx5 sections (U-shape, 5.8m-19.8m)<\/div>\n<\/div>\n<\/td>\n<\/tr>\n<tr>\n<td colspan=\"1\" rowspan=\"1\">\n<div>Boom slewing angle<\/div>\n<\/td>\n<td colspan=\"6\" rowspan=\"1\">\n<div>\n<div>360\u00b0<\/div>\n<\/div>\n<\/td>\n<\/tr>\n<\/tbody>\n<\/table>\n<h2 data-path-to-node=\"2\">Pi\u00e8ces d\u00e9tach\u00e9es de haute qualit\u00e9 pour grue et fl\u00e8che t\u00e9lescopique 3.2T-16T : Le guide ultime<\/h2>\n<p data-path-to-node=\"3\">Dans le monde exigeant de la construction et du levage lourd, l'efficacit\u00e9 de votre \u00e9quipement d\u00e9pend de la qualit\u00e9 de ses composants. Que vous soyez \u00e0 la recherche d'un <b data-path-to-node=\"3\" data-index-in-node=\"163\">Remplacement du bras de rampe<\/b> ou la modernisation de votre flotte actuelle, le choix de la bonne <b data-path-to-node=\"3\" data-index-in-node=\"236\">Partie sup\u00e9rieure de la grue<\/b> est cruciale pour la s\u00e9curit\u00e9 et la performance.<\/p>\n<h2 data-path-to-node=\"4\">1. L'importance d'une fl\u00e8che t\u00e9lescopique performante<\/h2>\n<p data-path-to-node=\"5\">A <b data-path-to-node=\"5\" data-index-in-node=\"2\">Fl\u00e8che t\u00e9lescopique<\/b> est le c\u0153ur de toute grue mobile. Il fournit la port\u00e9e et la capacit\u00e9 de levage n\u00e9cessaires \u00e0 la r\u00e9alisation de t\u00e2ches complexes. Notre bras de grue \u00e0 partie sup\u00e9rieure de 20 m est con\u00e7u pour la pr\u00e9cision, assurant une extension et une r\u00e9traction en douceur sous de lourdes charges.<\/p>\n<p data-path-to-node=\"6\">Si vous \u00eates \u00e0 la recherche d'un <b data-path-to-node=\"6\" data-index-in-node=\"25\">Extension de fl\u00e8che de grue de 20 m<\/b>, La durabilit\u00e9 et la r\u00e9sistance des mat\u00e9riaux doivent \u00eatre vos principales priorit\u00e9s. Une rampe bien fabriqu\u00e9e r\u00e9duit les temps d'arr\u00eat et augmente la dur\u00e9e de vie de votre machine.<\/p>\n<h2 data-path-to-node=\"7\">2. Gamme compl\u00e8te : Pi\u00e8ces d\u00e9tach\u00e9es pour grues de 3,2T \u00e0 16T<\/h2>\n<p data-path-to-node=\"8\">En tant que leader <b data-path-to-node=\"8\" data-index-in-node=\"13\">3.2T-16T Fl\u00e8che t\u00e9lescopique Fournisseur<\/b>, Nous comprenons que des projets diff\u00e9rents requi\u00e8rent des capacit\u00e9s diff\u00e9rentes. Nous proposons une gamme compl\u00e8te de <b data-path-to-node=\"8\" data-index-in-node=\"146\">Pi\u00e8ces d\u00e9tach\u00e9es pour grues<\/b> adapt\u00e9s \u00e0 diff\u00e9rents tonnages, y compris<\/p>\n<ul data-path-to-node=\"9\">\n<li>\n<p data-path-to-node=\"9,0,0\"><b data-path-to-node=\"9,0,0\" data-index-in-node=\"0\">Petite capacit\u00e9 :<\/b> 3,2T et 6,3T pour les constructions urbaines l\u00e9g\u00e8res.<\/p>\n<\/li>\n<li>\n<p data-path-to-node=\"9,1,0\"><b data-path-to-node=\"9,1,0\" data-index-in-node=\"0\">Capacit\u00e9 moyenne :<\/b> 8T et 12T pour un travail polyvalent sur les chantiers.<\/p>\n<\/li>\n<li>\n<p data-path-to-node=\"9,2,0\"><b data-path-to-node=\"9,2,0\" data-index-in-node=\"0\">Usage intensif :<\/b> 14T et <b data-path-to-node=\"9,2,0\" data-index-in-node=\"20\">Pi\u00e8ces d\u00e9tach\u00e9es pour bras de grue de 16 tonnes<\/b> pour le levage \u00e0 l'\u00e9chelle industrielle.<\/p>\n<\/li>\n<\/ul>\n<h2 data-path-to-node=\"10\">3. Pourquoi choisir nos pi\u00e8ces de fl\u00e8che de grue hydraulique ?<\/h2>\n<p data-path-to-node=\"11\">Notre <b data-path-to-node=\"11\" data-index-in-node=\"4\">Pi\u00e8ces pour fl\u00e8che de grue hydraulique<\/b> sont con\u00e7us en utilisant de l'acier \u00e0 haute r\u00e9sistance et des techniques de soudage avanc\u00e9es. Cela permet de garantir :<\/p>\n<ul data-path-to-node=\"12\">\n<li>\n<p data-path-to-node=\"12,0,0\"><b data-path-to-node=\"12,0,0\" data-index-in-node=\"0\">Rapport charge\/poids \u00e9lev\u00e9 :<\/b> Puissance de levage maximale sans encombrement inutile.<\/p>\n<\/li>\n<li>\n<p data-path-to-node=\"12,1,0\"><b data-path-to-node=\"12,1,0\" data-index-in-node=\"0\">Ing\u00e9nierie de pr\u00e9cision :<\/b> Int\u00e9gration transparente avec votre syst\u00e8me d'information existant <b data-path-to-node=\"12,1,0\" data-index-in-node=\"63\">Partie sup\u00e9rieure de la grue<\/b>.<\/p>\n<\/li>\n<li>\n<p data-path-to-node=\"12,2,0\"><b data-path-to-node=\"12,2,0\" data-index-in-node=\"0\">Conformit\u00e9 en mati\u00e8re de s\u00e9curit\u00e9 :<\/b> Chaque composant est conforme aux normes internationales de levage afin de garantir la s\u00e9curit\u00e9 du site.<\/p>\n<\/li>\n<\/ul>\n<h2 data-path-to-node=\"13\">4. Quand faut-il envisager le remplacement d'un bras de rampe ?<\/h2>\n<p data-path-to-node=\"14\">L'entretien r\u00e9gulier est essentiel, mais il arrive un moment o\u00f9 une <b data-path-to-node=\"14\" data-index-in-node=\"64\">Remplacement du bras de rampe<\/b> est l'option la plus rentable et la plus s\u00fbre. Les signes indiquant que vous avez besoin d'une nouvelle partie sup\u00e9rieure sont les suivants :<\/p>\n<ol start=\"1\" data-path-to-node=\"15\">\n<li>\n<p data-path-to-node=\"15,0,0\">Fatigue structurelle visible ou fissures dans l'acier.<\/p>\n<\/li>\n<li>\n<p data-path-to-node=\"15,1,0\">Pression hydraulique irr\u00e9guli\u00e8re lors de l'extension.<\/p>\n<\/li>\n<li>\n<p data-path-to-node=\"15,2,0\">Usure d\u00e9passant les tol\u00e9rances de s\u00e9curit\u00e9.<\/p>\n<\/li>\n<\/ol>\n<p data-path-to-node=\"16\">Remplacement de l'ensemble de la partie sup\u00e9rieure par un v\u00e9ritable <b data-path-to-node=\"16\" data-index-in-node=\"50\">Extension de fl\u00e8che de grue de 20 m<\/b> peut redonner vie \u00e0 une grue plus ancienne, en lui offrant les performances d'une machine neuve pour une fraction du co\u00fbt.<\/p>\n<h2 data-path-to-node=\"17\">Conclusion : S'associer \u00e0 un fournisseur de confiance<\/h2>\n<p data-path-to-node=\"18\">Choisir le bon <b data-path-to-node=\"18\" data-index-in-node=\"20\">3.2T-16T Fl\u00e8che t\u00e9lescopique Fournisseur<\/b> ne se limite pas \u00e0 l'achat d'une pi\u00e8ce ; il s'agit d'assurer la r\u00e9ussite \u00e0 long terme de vos projets. Notre engagement en faveur de la qualit\u00e9 garantit que chaque <b data-path-to-node=\"18\" data-index-in-node=\"198\">Fl\u00e8che t\u00e9lescopique<\/b> que nous fournissons est pr\u00eate \u00e0 relever les d\u00e9fis les plus difficiles.<\/p>","protected":false},"excerpt":{"rendered":"<p>Configuration optionnelle : climatisation sup\u00e9rieure, climatisation inf\u00e9rieure, dispositif de pesage, limiteur de couple, cam\u00e9ra sans fil, suspension<br \/>\npanier, si\u00e8ge \u00e0 coussin d'air<\/p>\n<p>Caract\u00e9ristiques du produit : \u00c9quip\u00e9 d'un rotateur central, le plateau tournant peut tourner \u00e0 360 degr\u00e9s \u00e0 volont\u00e9. \u00c9quip\u00e9 d'un syst\u00e8me plan\u00e9taire<br \/>\nla rotation est plus rapide et plus souple. \u00c9quip\u00e9 d'un syst\u00e8me de dissipation de la chaleur hydraulique pour r\u00e9duire la consommation d'huile.<br \/>\nLa conduite est \u00e9quip\u00e9e de vitesses \u00e9lev\u00e9es et basses, d'une assistance au volant et d'un frein \u00e0 air,<br \/>\nfacilitant la conduite du v\u00e9hicule et la rendant plus flexible.<\/p>","protected":false},"featured_media":7951,"comment_status":"closed","ping_status":"closed","template":"","meta":{"_uag_custom_page_level_css":"","site-sidebar-layout":"default","site-content-layout":"","ast-site-content-layout":"default","site-content-style":"default","site-sidebar-style":"default","ast-global-header-display":"","ast-banner-title-visibility":"","ast-main-header-display":"","ast-hfb-above-header-display":"","ast-hfb-below-header-display":"","ast-hfb-mobile-header-display":"","site-post-title":"","ast-breadcrumbs-content":"","ast-featured-img":"","footer-sml-layout":"","theme-transparent-header-meta":"default","adv-header-id-meta":"","stick-header-meta":"default","header-above-stick-meta":"","header-main-stick-meta":"","header-below-stick-meta":"","astra-migrate-meta-layouts":"set","ast-page-background-enabled":"default","ast-page-background-meta":{"desktop":{"background-color":"var(--ast-global-color-4)","background-image":"","background-repeat":"repeat","background-position":"center center","background-size":"auto","background-attachment":"scroll","background-type":"","background-media":"","overlay-type":"","overlay-color":"","overlay-opacity":"","overlay-gradient":""},"tablet":{"background-color":"","background-image":"","background-repeat":"repeat","background-position":"center center","background-size":"auto","background-attachment":"scroll","background-type":"","background-media":"","overlay-type":"","overlay-color":"","overlay-opacity":"","overlay-gradient":""},"mobile":{"background-color":"","background-image":"","background-repeat":"repeat","background-position":"center center","background-size":"auto","background-attachment":"scroll","background-type":"","background-media":"","overlay-type":"","overlay-color":"","overlay-opacity":"","overlay-gradient":""}},"ast-content-background-meta":{"desktop":{"background-color":"var(--ast-global-color-5)","background-image":"","background-repeat":"repeat","background-position":"center center","background-size":"auto","background-attachment":"scroll","background-type":"","background-media":"","overlay-type":"","overlay-color":"","overlay-opacity":"","overlay-gradient":""},"tablet":{"background-color":"var(--ast-global-color-5)","background-image":"","background-repeat":"repeat","background-position":"center center","background-size":"auto","background-attachment":"scroll","background-type":"","background-media":"","overlay-type":"","overlay-color":"","overlay-opacity":"","overlay-gradient":""},"mobile":{"background-color":"var(--ast-global-color-5)","background-image":"","background-repeat":"repeat","background-position":"center center","background-size":"auto","background-attachment":"scroll","background-type":"","background-media":"","overlay-type":"","overlay-color":"","overlay-opacity":"","overlay-gradient":""}}},"product_brand":[],"product_cat":[141],"product_tag":[],"class_list":{"0":"post-7948","1":"product","2":"type-product","3":"status-publish","4":"has-post-thumbnail","6":"product_cat-crane-upper-part","7":"desktop-align-left","8":"tablet-align-left","9":"mobile-align-left","10":"ast-product-gallery-layout-horizontal-slider","11":"ast-product-tabs-layout-horizontal","13":"first","14":"instock","15":"shipping-taxable","16":"product-type-simple"},"uagb_featured_image_src":{"full":["https:\/\/enmaxgroup.com\/wp-content\/uploads\/2025\/02\/12\u5428\u4e1c\u98ceF5\u968f\u8f66\u540a.webp",1000,1000,false],"thumbnail":["https:\/\/enmaxgroup.com\/wp-content\/uploads\/2025\/02\/12\u5428\u4e1c\u98ceF5\u968f\u8f66\u540a-150x150.webp",150,150,true],"medium":["https:\/\/enmaxgroup.com\/wp-content\/uploads\/2025\/02\/12\u5428\u4e1c\u98ceF5\u968f\u8f66\u540a-300x300.webp",300,300,true],"medium_large":["https:\/\/enmaxgroup.com\/wp-content\/uploads\/2025\/02\/12\u5428\u4e1c\u98ceF5\u968f\u8f66\u540a-768x768.webp",768,768,true],"large":["https:\/\/enmaxgroup.com\/wp-content\/uploads\/2025\/02\/12\u5428\u4e1c\u98ceF5\u968f\u8f66\u540a.webp",1000,1000,false],"1536x1536":["https:\/\/enmaxgroup.com\/wp-content\/uploads\/2025\/02\/12\u5428\u4e1c\u98ceF5\u968f\u8f66\u540a.webp",1000,1000,false],"2048x2048":["https:\/\/enmaxgroup.com\/wp-content\/uploads\/2025\/02\/12\u5428\u4e1c\u98ceF5\u968f\u8f66\u540a.webp",1000,1000,false],"trp-custom-language-flag":["https:\/\/enmaxgroup.com\/wp-content\/uploads\/2025\/02\/12\u5428\u4e1c\u98ceF5\u968f\u8f66\u540a.webp",12,12,false],"woocommerce_thumbnail":["https:\/\/enmaxgroup.com\/wp-content\/uploads\/2025\/02\/12\u5428\u4e1c\u98ceF5\u968f\u8f66\u540a-300x300.webp",300,300,true],"woocommerce_single":["https:\/\/enmaxgroup.com\/wp-content\/uploads\/2025\/02\/12\u5428\u4e1c\u98ceF5\u968f\u8f66\u540a-600x600.webp",600,600,true],"woocommerce_gallery_thumbnail":["https:\/\/enmaxgroup.com\/wp-content\/uploads\/2025\/02\/12\u5428\u4e1c\u98ceF5\u968f\u8f66\u540a-100x100.webp",100,100,true]},"uagb_author_info":{"display_name":"Ada Zhang","author_link":"https:\/\/enmaxgroup.com\/fr\/author"},"uagb_comment_info":0,"uagb_excerpt":"Optional configuration: upper air conditioning, lower air conditioning, weighing device, torque limiter, wireless camera, hanging basket, air cushion seat Product features: Equipped with a central rotator, the turntable can rotate 360 degrees at will. Equipped with a planetary reduction mechanism, the rotation is faster and smoother. Equipped with a hydraulic heat dissipation system to reduce\u2026","_links":{"self":[{"href":"https:\/\/enmaxgroup.com\/fr\/wp-json\/wp\/v2\/product\/7948","targetHints":{"allow":["GET"]}}],"collection":[{"href":"https:\/\/enmaxgroup.com\/fr\/wp-json\/wp\/v2\/product"}],"about":[{"href":"https:\/\/enmaxgroup.com\/fr\/wp-json\/wp\/v2\/types\/product"}],"replies":[{"embeddable":true,"href":"https:\/\/enmaxgroup.com\/fr\/wp-json\/wp\/v2\/comments?post=7948"}],"wp:featuredmedia":[{"embeddable":true,"href":"https:\/\/enmaxgroup.com\/fr\/wp-json\/wp\/v2\/media\/7951"}],"wp:attachment":[{"href":"https:\/\/enmaxgroup.com\/fr\/wp-json\/wp\/v2\/media?parent=7948"}],"wp:term":[{"taxonomy":"product_brand","embeddable":true,"href":"https:\/\/enmaxgroup.com\/fr\/wp-json\/wp\/v2\/product_brand?post=7948"},{"taxonomy":"product_cat","embeddable":true,"href":"https:\/\/enmaxgroup.com\/fr\/wp-json\/wp\/v2\/product_cat?post=7948"},{"taxonomy":"product_tag","embeddable":true,"href":"https:\/\/enmaxgroup.com\/fr\/wp-json\/wp\/v2\/product_tag?post=7948"}],"curies":[{"name":"wp","href":"https:\/\/api.w.org\/{rel}","templated":true}]}}